{"id":2223,"date":"2025-01-15T12:48:35","date_gmt":"2025-01-15T11:48:35","guid":{"rendered":"https:\/\/www.wheelers.es\/?page_id=2223"},"modified":"2025-03-12T11:21:35","modified_gmt":"2025-03-12T10:21:35","slug":"somos-opticos","status":"publish","type":"page","link":"https:\/\/www.wheelers.es\/en\/somos-opticos\/","title":{"rendered":"Somos \u00f3pticos"},"content":{"rendered":"\t\t<div data-elementor-type=\"wp-page\" data-elementor-id=\"2223\" class=\"elementor elementor-2223\" data-elementor-post-type=\"page\">\n\t\t\t\t<div class=\"elementor-element elementor-element-6954880f e-flex e-con-boxed e-con e-parent\" data-id=\"6954880f\" data-element_type=\"container\" data-e-type=\"container\">\n\t\t\t\t\t<div class=\"e-con-inner\">\n\t\t<div class=\"elementor-element elementor-element-3500d9d0 e-con-full e-flex e-con e-child\" data-id=\"3500d9d0\" data-element_type=\"container\" data-e-type=\"container\">\n\t\t\t\t<div class=\"elementor-element elementor-element-6e4a27b6 elementor-widget elementor-widget-heading\" data-id=\"6e4a27b6\" data-element_type=\"widget\" data-e-type=\"widget\" data-widget_type=\"heading.default\">\n\t\t\t\t<div class=\"elementor-widget-container\">\n\t\t\t\t\t<h1 class=\"elementor-heading-title elementor-size-default\">Somos \u00f3pticos<\/h1>\t\t\t\t<\/div>\n\t\t\t\t<\/div>\n\t\t\t\t<div class=\"elementor-element elementor-element-1ed329c5 elementor-widget elementor-widget-woocommerce-breadcrumb\" data-id=\"1ed329c5\" data-element_type=\"widget\" data-e-type=\"widget\" data-widget_type=\"woocommerce-breadcrumb.default\">\n\t\t\t\t<div class=\"elementor-widget-container\">\n\t\t\t\t\t<nav class=\"woocommerce-breadcrumb\" aria-label=\"Breadcrumb\">Home<\/nav>\t\t\t\t<\/div>\n\t\t\t\t<\/div>\n\t\t\t\t<\/div>\n\t\t\t\t\t<\/div>\n\t\t\t\t<\/div>\n\t\t<div class=\"elementor-element elementor-element-3f5e8fa9 e-flex e-con-boxed e-con e-parent\" data-id=\"3f5e8fa9\" data-element_type=\"container\" data-e-type=\"container\">\n\t\t\t\t\t<div class=\"e-con-inner\">\n\t\t<div class=\"elementor-element elementor-element-698847cf e-con-full e-flex e-con e-child\" data-id=\"698847cf\" data-element_type=\"container\" data-e-type=\"container\">\n\t\t<div class=\"elementor-element elementor-element-e5b9420 e-flex e-con-boxed e-con e-child\" data-id=\"e5b9420\" data-element_type=\"container\" data-e-type=\"container\">\n\t\t\t\t\t<div class=\"e-con-inner\">\n\t\t\t\t<div class=\"elementor-element elementor-element-1a0af9c4 elementor-widget__width-inherit animated-slow elementor-invisible elementor-widget elementor-widget-heading\" data-id=\"1a0af9c4\" data-element_type=\"widget\" data-e-type=\"widget\" data-settings=\"{&quot;_animation&quot;:&quot;fadeIn&quot;,&quot;_animation_delay&quot;:0.3}\" data-widget_type=\"heading.default\">\n\t\t\t\t<div class=\"elementor-widget-container\">\n\t\t\t\t\t<h2 class=\"elementor-heading-title elementor-size-default\">Tus gafas de sol Wheelers tambi\u00e9n graduadas. <\/h2>\t\t\t\t<\/div>\n\t\t\t\t<\/div>\n\t\t\t\t<div class=\"elementor-element elementor-element-c9166bd elementor-invisible elementor-widget elementor-widget-text-editor\" data-id=\"c9166bd\" data-element_type=\"widget\" data-e-type=\"widget\" data-settings=\"{&quot;_animation&quot;:&quot;fadeIn&quot;}\" data-widget_type=\"text-editor.default\">\n\t\t\t\t<div class=\"elementor-widget-container\">\n\t\t\t\t\t\t\t\t\t<p>Si deseas que te enviemos tus gafas de sol con tu graduaci\u00f3n, env\u00edanos un email a info@wheelers.es y te explicaremos el procedimiento y presupuesto de las mismas.<\/p>\t\t\t\t\t\t\t\t<\/div>\n\t\t\t\t<\/div>\n\t\t\t\t\t<\/div>\n\t\t\t\t<\/div>\n\t\t\t\t<div class=\"elementor-element elementor-element-675133a4 animated-slow elementor-invisible elementor-widget elementor-widget-premium-img-gallery\" data-id=\"675133a4\" data-element_type=\"widget\" data-e-type=\"widget\" data-settings=\"{&quot;premium_gallery_img_content&quot;:[{&quot;premium_gallery_img_category&quot;:&quot;Category 1&quot;,&quot;_id&quot;:&quot;db24e71&quot;,&quot;premium_gallery_img&quot;:{&quot;url&quot;:&quot;https:\\\/\\\/www.wheelers.es\\\/wp-content\\\/uploads\\\/2025\\\/01\\\/IMG-20230201-WA0039.jpg&quot;,&quot;id&quot;:2225,&quot;size&quot;:&quot;&quot;,&quot;alt&quot;:&quot;&quot;,&quot;source&quot;:&quot;library&quot;},&quot;premium_gallery_image_cell&quot;:{&quot;unit&quot;:&quot;px&quot;,&quot;size&quot;:6,&quot;sizes&quot;:[]},&quot;premium_gallery_image_vcell&quot;:{&quot;unit&quot;:&quot;px&quot;,&quot;size&quot;:6,&quot;sizes&quot;:[]},&quot;premium_gallery_video_type&quot;:null,&quot;premium_gallery_video_self&quot;:null,&quot;premium_gallery_video_self_url&quot;:null,&quot;premium_gallery_video_loop&quot;:null,&quot;premium_gallery_image_cell_mobile&quot;:{&quot;unit&quot;:&quot;px&quot;,&quot;size&quot;:6,&quot;sizes&quot;:[]},&quot;premium_gallery_image_cell_tablet&quot;:{&quot;unit&quot;:&quot;px&quot;,&quot;size&quot;:&quot;&quot;,&quot;sizes&quot;:[]},&quot;premium_gallery_image_vcell_tablet&quot;:{&quot;unit&quot;:&quot;px&quot;,&quot;size&quot;:&quot;&quot;,&quot;sizes&quot;:[]},&quot;premium_gallery_image_vcell_mobile&quot;:{&quot;unit&quot;:&quot;px&quot;,&quot;size&quot;:&quot;&quot;,&quot;sizes&quot;:[]},&quot;premium_gallery_video&quot;:&quot;&quot;,&quot;premium_gallery_video_url&quot;:null,&quot;premium_gallery_video_controls&quot;:null,&quot;premium_gallery_video_mute&quot;:null,&quot;download_button&quot;:null,&quot;privacy_mode&quot;:null,&quot;premmium_gallery_img_info&quot;:&quot;&quot;,&quot;premium_gallery_img_name&quot;:&quot;&quot;,&quot;premium_gallery_img_desc&quot;:&quot;&quot;,&quot;premium_gallery_img_link_type&quot;:&quot;url&quot;,&quot;premium_gallery_img_link&quot;:{&quot;url&quot;:&quot;&quot;,&quot;is_external&quot;:&quot;&quot;,&quot;nofollow&quot;:&quot;&quot;,&quot;custom_attributes&quot;:&quot;&quot;},&quot;premium_gallery_img_existing&quot;:null,&quot;premium_gallery_link_whole&quot;:&quot;&quot;,&quot;premium_gallery_lightbox_whole&quot;:&quot;&quot;},{&quot;premium_gallery_img_category&quot;:&quot;Category 1&quot;,&quot;premium_gallery_img&quot;:{&quot;url&quot;:&quot;https:\\\/\\\/www.wheelers.es\\\/wp-content\\\/uploads\\\/2025\\\/01\\\/IMG-20230201-WA0026.jpg&quot;,&quot;id&quot;:2224,&quot;size&quot;:&quot;&quot;,&quot;alt&quot;:&quot;&quot;,&quot;source&quot;:&quot;library&quot;},&quot;premium_gallery_image_cell&quot;:{&quot;unit&quot;:&quot;px&quot;,&quot;size&quot;:6,&quot;sizes&quot;:[]},&quot;premium_gallery_image_vcell&quot;:{&quot;unit&quot;:&quot;px&quot;,&quot;size&quot;:6,&quot;sizes&quot;:[]},&quot;_id&quot;:&quot;4a1e80b&quot;,&quot;premium_gallery_image_cell_tablet&quot;:{&quot;unit&quot;:&quot;px&quot;,&quot;size&quot;:6,&quot;sizes&quot;:[]},&quot;premium_gallery_image_cell_mobile&quot;:{&quot;unit&quot;:&quot;px&quot;,&quot;size&quot;:6,&quot;sizes&quot;:[]},&quot;premium_gallery_image_vcell_tablet&quot;:{&quot;unit&quot;:&quot;px&quot;,&quot;size&quot;:&quot;&quot;,&quot;sizes&quot;:[]},&quot;premium_gallery_image_vcell_mobile&quot;:{&quot;unit&quot;:&quot;px&quot;,&quot;size&quot;:&quot;&quot;,&quot;sizes&quot;:[]},&quot;premium_gallery_video&quot;:&quot;&quot;,&quot;premium_gallery_video_type&quot;:null,&quot;premium_gallery_video_url&quot;:null,&quot;premium_gallery_video_self&quot;:null,&quot;premium_gallery_video_self_url&quot;:null,&quot;premium_gallery_video_controls&quot;:null,&quot;premium_gallery_video_mute&quot;:null,&quot;premium_gallery_video_loop&quot;:null,&quot;download_button&quot;:null,&quot;privacy_mode&quot;:null,&quot;premmium_gallery_img_info&quot;:&quot;&quot;,&quot;premium_gallery_img_name&quot;:&quot;&quot;,&quot;premium_gallery_img_desc&quot;:&quot;&quot;,&quot;premium_gallery_img_link_type&quot;:&quot;url&quot;,&quot;premium_gallery_img_link&quot;:{&quot;url&quot;:&quot;&quot;,&quot;is_external&quot;:&quot;&quot;,&quot;nofollow&quot;:&quot;&quot;,&quot;custom_attributes&quot;:&quot;&quot;},&quot;premium_gallery_img_existing&quot;:null,&quot;premium_gallery_link_whole&quot;:&quot;&quot;,&quot;premium_gallery_lightbox_whole&quot;:&quot;&quot;}],&quot;_animation&quot;:&quot;fadeInUp&quot;}\" data-widget_type=\"premium-img-gallery.default\">\n\t\t\t\t<div class=\"elementor-widget-container\">\n\t\t\t\t\t\n\t<div class=\"premium-img-gallery-no-lightbox elementor-invisible premium-img-gallery premium-img-gallery-metro none\" id=\"premium-img-gallery-675133a4\">\n\t\t\n\t\t<div class=\"premium-gallery-container\" data-settings=\"{&quot;img_size&quot;:&quot;metro&quot;,&quot;filter&quot;:&quot;&quot;,&quot;theme&quot;:null,&quot;active_cat&quot;:&quot;*&quot;,&quot;ltr_mode&quot;:true,&quot;shuffle&quot;:false,&quot;sort_by&quot;:&quot;original-order&quot;,&quot;skin&quot;:&quot;default&quot;}\">\n\n\t\t\t\t\t\t\t<div class=\"grid-sizer\"><\/div>\n\t\t\t\t\t\t\t\t<div class=\"premium-gallery-item elementor-repeater-item-db24e71 category-1\">\n\t\t\t\t<div class=\"pa-gallery-img default\" onclick=\"\">\n\t\t\t\t\t<div class=\"pa-gallery-img-container\">\n\t\t\t\t\t\t\t\t<img fetchpriority=\"high\" decoding=\"async\" width=\"1600\" height=\"1200\" src=\"https:\/\/www.wheelers.es\/wp-content\/uploads\/2025\/01\/IMG-20230201-WA0039.jpg\" class=\"attachment-full size-full wp-image-2225\" alt=\"\" srcset=\"https:\/\/www.wheelers.es\/wp-content\/uploads\/2025\/01\/IMG-20230201-WA0039.jpg 1600w, https:\/\/www.wheelers.es\/wp-content\/uploads\/2025\/01\/IMG-20230201-WA0039-1536x1152.jpg 1536w, https:\/\/www.wheelers.es\/wp-content\/uploads\/2025\/01\/IMG-20230201-WA0039-600x450.jpg 600w, https:\/\/www.wheelers.es\/wp-content\/uploads\/2025\/01\/IMG-20230201-WA0039-300x225.jpg 300w, https:\/\/www.wheelers.es\/wp-content\/uploads\/2025\/01\/IMG-20230201-WA0039-768x576.jpg 768w, https:\/\/www.wheelers.es\/wp-content\/uploads\/2025\/01\/IMG-20230201-WA0039-1024x768.jpg 1024w, https:\/\/www.wheelers.es\/wp-content\/uploads\/2025\/01\/IMG-20230201-WA0039-16x12.jpg 16w\" sizes=\"(max-width: 1600px) 100vw, 1600px\" \/>\t\t\t\t\t\t\t<\/div>\n\t\t\t\t\t\t\t\t\t\t\t\t<div class=\"pa-gallery-icons-wrapper\">\n\t\t\t\t\t\t\t\t<div class=\"pa-gallery-icons-inner-container\">\n\t\t\t\t\t\t\t\t\t\t\t\t\t\t\t\t\t<\/div>\n\t\t\t\t\t\t\t<\/div>\n\t\t\t\t\t\t\t\t\t\t\t<\/div>\n\t\t\t<\/div>\n\t\t\t\t\t\t\t<div class=\"premium-gallery-item elementor-repeater-item-4a1e80b category-1\">\n\t\t\t\t<div class=\"pa-gallery-img default\" onclick=\"\">\n\t\t\t\t\t<div class=\"pa-gallery-img-container\">\n\t\t\t\t\t\t\t\t<img decoding=\"async\" width=\"1600\" height=\"1200\" src=\"https:\/\/www.wheelers.es\/wp-content\/uploads\/2025\/01\/IMG-20230201-WA0026.jpg\" class=\"attachment-full size-full wp-image-2224\" alt=\"\" srcset=\"https:\/\/www.wheelers.es\/wp-content\/uploads\/2025\/01\/IMG-20230201-WA0026.jpg 1600w, https:\/\/www.wheelers.es\/wp-content\/uploads\/2025\/01\/IMG-20230201-WA0026-1536x1152.jpg 1536w, https:\/\/www.wheelers.es\/wp-content\/uploads\/2025\/01\/IMG-20230201-WA0026-600x450.jpg 600w, https:\/\/www.wheelers.es\/wp-content\/uploads\/2025\/01\/IMG-20230201-WA0026-300x225.jpg 300w, https:\/\/www.wheelers.es\/wp-content\/uploads\/2025\/01\/IMG-20230201-WA0026-768x576.jpg 768w, https:\/\/www.wheelers.es\/wp-content\/uploads\/2025\/01\/IMG-20230201-WA0026-1024x768.jpg 1024w, https:\/\/www.wheelers.es\/wp-content\/uploads\/2025\/01\/IMG-20230201-WA0026-16x12.jpg 16w\" sizes=\"(max-width: 1600px) 100vw, 1600px\" \/>\t\t\t\t\t\t\t<\/div>\n\t\t\t\t\t\t\t\t\t\t\t\t<div class=\"pa-gallery-icons-wrapper\">\n\t\t\t\t\t\t\t\t<div class=\"pa-gallery-icons-inner-container\">\n\t\t\t\t\t\t\t\t\t\t\t\t\t\t\t\t\t<\/div>\n\t\t\t\t\t\t\t<\/div>\n\t\t\t\t\t\t\t\t\t\t\t<\/div>\n\t\t\t<\/div>\n\t\t\t\n\t\t\t\t\t<\/div>\n\n\t\t\n\t<\/div>\n\n\t\t\n\t\t\n\t\t\t\t\t\t<\/div>\n\t\t\t\t<\/div>\n\t\t\t\t<\/div>\n\t\t\t\t\t<\/div>\n\t\t\t\t<\/div>\n\t\t\t\t<\/div>\n\t\t","protected":false},"excerpt":{"rendered":"<p>Somos \u00f3pticos Tus gafas de sol Wheelers tambi\u00e9n graduadas. Si deseas que te enviemos tus gafas de sol con tu [&hellip;]<\/p>\n","protected":false},"author":1,"featured_media":0,"parent":0,"menu_order":0,"comment_status":"closed","ping_status":"closed","template":"elementor_header_footer","meta":{"site-sidebar-layout":"default","site-content-layout":"","ast-site-content-layout":"default","site-content-style":"default","site-sidebar-style":"default","ast-global-header-display":"","ast-banner-title-visibility":"","ast-main-header-display":"","ast-hfb-above-header-display":"","ast-hfb-below-header-display":"","ast-hfb-mobile-header-display":"","site-post-title":"","ast-breadcrumbs-content":"","ast-featured-img":"","footer-sml-layout":"","ast-disable-related-posts":"","theme-transparent-header-meta":"","adv-header-id-meta":"","stick-header-meta":"","header-above-stick-meta":"","header-main-stick-meta":"","header-below-stick-meta":"","astra-migrate-meta-layouts":"default","ast-page-background-enabled":"default","ast-page-background-meta":{"desktop":{"background-color":"var(--ast-global-color-5)","background-image":"","background-repeat":"repeat","background-position":"center center","background-size":"auto","background-attachment":"scroll","background-type":"","background-media":"","overlay-type":"","overlay-color":"","overlay-opacity":"","overlay-gradient":""},"tablet":{"background-color":"","background-image":"","background-repeat":"repeat","background-position":"center center","background-size":"auto","background-attachment":"scroll","background-type":"","background-media":"","overlay-type":"","overlay-color":"","overlay-opacity":"","overlay-gradient":""},"mobile":{"background-color":"","background-image":"","background-repeat":"repeat","background-position":"center center","background-size":"auto","background-attachment":"scroll","background-type":"","background-media":"","overlay-type":"","overlay-color":"","overlay-opacity":"","overlay-gradient":""}},"ast-content-background-meta":{"desktop":{"background-color":"var(--ast-global-color-4)","background-image":"","background-repeat":"repeat","background-position":"center center","background-size":"auto","background-attachment":"scroll","background-type":"","background-media":"","overlay-type":"","overlay-color":"","overlay-opacity":"","overlay-gradient":""},"tablet":{"background-color":"var(--ast-global-color-4)","background-image":"","background-repeat":"repeat","background-position":"center center","background-size":"auto","background-attachment":"scroll","background-type":"","background-media":"","overlay-type":"","overlay-color":"","overlay-opacity":"","overlay-gradient":""},"mobile":{"background-color":"var(--ast-global-color-4)","background-image":"","background-repeat":"repeat","background-position":"center center","background-size":"auto","background-attachment":"scroll","background-type":"","background-media":"","overlay-type":"","overlay-color":"","overlay-opacity":"","overlay-gradient":""}},"footnotes":""},"class_list":["post-2223","page","type-page","status-publish","hentry"],"yoast_head":"<!-- This site is optimized with the Yoast SEO Premium plugin v24.4 (Yoast SEO v27.4) - https:\/\/yoast.com\/product\/yoast-seo-premium-wordpress\/ -->\n<title>Somos \u00f3pticos - Wheelers<\/title>\n<meta name=\"robots\" content=\"index, follow, max-snippet:-1, max-image-preview:large, max-video-preview:-1\" \/>\n<link rel=\"canonical\" href=\"https:\/\/www.wheelers.es\/en\/somos-opticos\/\" \/>\n<meta property=\"og:locale\" content=\"en_US\" \/>\n<meta property=\"og:type\" content=\"article\" \/>\n<meta property=\"og:title\" content=\"Somos \u00f3pticos\" \/>\n<meta property=\"og:description\" content=\"Somos \u00f3pticos Tus gafas de sol Wheelers tambi\u00e9n graduadas. Si deseas que te enviemos tus gafas de sol con tu [&hellip;]\" \/>\n<meta property=\"og:url\" content=\"https:\/\/www.wheelers.es\/en\/somos-opticos\/\" \/>\n<meta property=\"og:site_name\" content=\"Wheelers\" \/>\n<meta property=\"article:modified_time\" content=\"2025-03-12T10:21:35+00:00\" \/>\n<meta property=\"og:image\" content=\"https:\/\/www.wheelers.es\/wp-content\/uploads\/2025\/01\/IMG-20230201-WA0039.jpg\" \/>\n\t<meta property=\"og:image:width\" content=\"1600\" \/>\n\t<meta property=\"og:image:height\" content=\"1200\" \/>\n\t<meta property=\"og:image:type\" content=\"image\/jpeg\" \/>\n<meta name=\"twitter:card\" content=\"summary_large_image\" \/>\n<meta name=\"twitter:label1\" content=\"Est. reading time\" \/>\n\t<meta name=\"twitter:data1\" content=\"1 minute\" \/>\n<script type=\"application\/ld+json\" class=\"yoast-schema-graph\">{\"@context\":\"https:\\\/\\\/schema.org\",\"@graph\":[{\"@type\":\"WebPage\",\"@id\":\"https:\\\/\\\/www.wheelers.es\\\/somos-opticos\\\/\",\"url\":\"https:\\\/\\\/www.wheelers.es\\\/somos-opticos\\\/\",\"name\":\"Somos \u00f3pticos - Wheelers\",\"isPartOf\":{\"@id\":\"https:\\\/\\\/www.wheelers.es\\\/#website\"},\"primaryImageOfPage\":{\"@id\":\"https:\\\/\\\/www.wheelers.es\\\/somos-opticos\\\/#primaryimage\"},\"image\":{\"@id\":\"https:\\\/\\\/www.wheelers.es\\\/somos-opticos\\\/#primaryimage\"},\"thumbnailUrl\":\"https:\\\/\\\/www.wheelers.es\\\/wp-content\\\/uploads\\\/2025\\\/01\\\/IMG-20230201-WA0039.jpg\",\"datePublished\":\"2025-01-15T11:48:35+00:00\",\"dateModified\":\"2025-03-12T10:21:35+00:00\",\"breadcrumb\":{\"@id\":\"https:\\\/\\\/www.wheelers.es\\\/somos-opticos\\\/#breadcrumb\"},\"inLanguage\":\"en-US\",\"potentialAction\":[{\"@type\":\"ReadAction\",\"target\":[\"https:\\\/\\\/www.wheelers.es\\\/somos-opticos\\\/\"]}]},{\"@type\":\"ImageObject\",\"inLanguage\":\"en-US\",\"@id\":\"https:\\\/\\\/www.wheelers.es\\\/somos-opticos\\\/#primaryimage\",\"url\":\"https:\\\/\\\/www.wheelers.es\\\/wp-content\\\/uploads\\\/2025\\\/01\\\/IMG-20230201-WA0039.jpg\",\"contentUrl\":\"https:\\\/\\\/www.wheelers.es\\\/wp-content\\\/uploads\\\/2025\\\/01\\\/IMG-20230201-WA0039.jpg\"},{\"@type\":\"BreadcrumbList\",\"@id\":\"https:\\\/\\\/www.wheelers.es\\\/somos-opticos\\\/#breadcrumb\",\"itemListElement\":[{\"@type\":\"ListItem\",\"position\":1,\"name\":\"Portada\",\"item\":\"https:\\\/\\\/www.wheelers.es\\\/\"},{\"@type\":\"ListItem\",\"position\":2,\"name\":\"Somos \u00f3pticos\"}]},{\"@type\":\"WebSite\",\"@id\":\"https:\\\/\\\/www.wheelers.es\\\/#website\",\"url\":\"https:\\\/\\\/www.wheelers.es\\\/\",\"name\":\"Wheelers\",\"description\":\"Gafas de sol para petrolheads\",\"publisher\":{\"@id\":\"https:\\\/\\\/www.wheelers.es\\\/#organization\"},\"potentialAction\":[{\"@type\":\"SearchAction\",\"target\":{\"@type\":\"EntryPoint\",\"urlTemplate\":\"https:\\\/\\\/www.wheelers.es\\\/?s={search_term_string}\"},\"query-input\":{\"@type\":\"PropertyValueSpecification\",\"valueRequired\":true,\"valueName\":\"search_term_string\"}}],\"inLanguage\":\"en-US\"},{\"@type\":\"Organization\",\"@id\":\"https:\\\/\\\/www.wheelers.es\\\/#organization\",\"name\":\"Wheelers\",\"url\":\"https:\\\/\\\/www.wheelers.es\\\/\",\"logo\":{\"@type\":\"ImageObject\",\"inLanguage\":\"en-US\",\"@id\":\"https:\\\/\\\/www.wheelers.es\\\/#\\\/schema\\\/logo\\\/image\\\/\",\"url\":\"https:\\\/\\\/www.wheelers.es\\\/wp-content\\\/uploads\\\/2025\\\/02\\\/cropped-cropped-logo-negro.png\",\"contentUrl\":\"https:\\\/\\\/www.wheelers.es\\\/wp-content\\\/uploads\\\/2025\\\/02\\\/cropped-cropped-logo-negro.png\",\"width\":512,\"height\":297,\"caption\":\"Wheelers\"},\"image\":{\"@id\":\"https:\\\/\\\/www.wheelers.es\\\/#\\\/schema\\\/logo\\\/image\\\/\"}}]}<\/script>\n<!-- \/ Yoast SEO Premium plugin. -->","yoast_head_json":{"title":"Somos \u00f3pticos - Wheelers","robots":{"index":"index","follow":"follow","max-snippet":"max-snippet:-1","max-image-preview":"max-image-preview:large","max-video-preview":"max-video-preview:-1"},"canonical":"https:\/\/www.wheelers.es\/en\/somos-opticos\/","og_locale":"en_US","og_type":"article","og_title":"Somos \u00f3pticos","og_description":"Somos \u00f3pticos Tus gafas de sol Wheelers tambi\u00e9n graduadas. Si deseas que te enviemos tus gafas de sol con tu [&hellip;]","og_url":"https:\/\/www.wheelers.es\/en\/somos-opticos\/","og_site_name":"Wheelers","article_modified_time":"2025-03-12T10:21:35+00:00","og_image":[{"width":1600,"height":1200,"url":"https:\/\/www.wheelers.es\/wp-content\/uploads\/2025\/01\/IMG-20230201-WA0039.jpg","type":"image\/jpeg"}],"twitter_card":"summary_large_image","twitter_misc":{"Est. reading time":"1 minute"},"schema":{"@context":"https:\/\/schema.org","@graph":[{"@type":"WebPage","@id":"https:\/\/www.wheelers.es\/somos-opticos\/","url":"https:\/\/www.wheelers.es\/somos-opticos\/","name":"Somos \u00f3pticos - Wheelers","isPartOf":{"@id":"https:\/\/www.wheelers.es\/#website"},"primaryImageOfPage":{"@id":"https:\/\/www.wheelers.es\/somos-opticos\/#primaryimage"},"image":{"@id":"https:\/\/www.wheelers.es\/somos-opticos\/#primaryimage"},"thumbnailUrl":"https:\/\/www.wheelers.es\/wp-content\/uploads\/2025\/01\/IMG-20230201-WA0039.jpg","datePublished":"2025-01-15T11:48:35+00:00","dateModified":"2025-03-12T10:21:35+00:00","breadcrumb":{"@id":"https:\/\/www.wheelers.es\/somos-opticos\/#breadcrumb"},"inLanguage":"en-US","potentialAction":[{"@type":"ReadAction","target":["https:\/\/www.wheelers.es\/somos-opticos\/"]}]},{"@type":"ImageObject","inLanguage":"en-US","@id":"https:\/\/www.wheelers.es\/somos-opticos\/#primaryimage","url":"https:\/\/www.wheelers.es\/wp-content\/uploads\/2025\/01\/IMG-20230201-WA0039.jpg","contentUrl":"https:\/\/www.wheelers.es\/wp-content\/uploads\/2025\/01\/IMG-20230201-WA0039.jpg"},{"@type":"BreadcrumbList","@id":"https:\/\/www.wheelers.es\/somos-opticos\/#breadcrumb","itemListElement":[{"@type":"ListItem","position":1,"name":"Portada","item":"https:\/\/www.wheelers.es\/"},{"@type":"ListItem","position":2,"name":"Somos \u00f3pticos"}]},{"@type":"WebSite","@id":"https:\/\/www.wheelers.es\/#website","url":"https:\/\/www.wheelers.es\/","name":"Wheelers","description":"Gafas de sol para petrolheads","publisher":{"@id":"https:\/\/www.wheelers.es\/#organization"},"potentialAction":[{"@type":"SearchAction","target":{"@type":"EntryPoint","urlTemplate":"https:\/\/www.wheelers.es\/?s={search_term_string}"},"query-input":{"@type":"PropertyValueSpecification","valueRequired":true,"valueName":"search_term_string"}}],"inLanguage":"en-US"},{"@type":"Organization","@id":"https:\/\/www.wheelers.es\/#organization","name":"Wheelers","url":"https:\/\/www.wheelers.es\/","logo":{"@type":"ImageObject","inLanguage":"en-US","@id":"https:\/\/www.wheelers.es\/#\/schema\/logo\/image\/","url":"https:\/\/www.wheelers.es\/wp-content\/uploads\/2025\/02\/cropped-cropped-logo-negro.png","contentUrl":"https:\/\/www.wheelers.es\/wp-content\/uploads\/2025\/02\/cropped-cropped-logo-negro.png","width":512,"height":297,"caption":"Wheelers"},"image":{"@id":"https:\/\/www.wheelers.es\/#\/schema\/logo\/image\/"}}]}},"_links":{"self":[{"href":"https:\/\/www.wheelers.es\/en\/wp-json\/wp\/v2\/pages\/2223","targetHints":{"allow":["GET"]}}],"collection":[{"href":"https:\/\/www.wheelers.es\/en\/wp-json\/wp\/v2\/pages"}],"about":[{"href":"https:\/\/www.wheelers.es\/en\/wp-json\/wp\/v2\/types\/page"}],"author":[{"embeddable":true,"href":"https:\/\/www.wheelers.es\/en\/wp-json\/wp\/v2\/users\/1"}],"replies":[{"embeddable":true,"href":"https:\/\/www.wheelers.es\/en\/wp-json\/wp\/v2\/comments?post=2223"}],"version-history":[{"count":0,"href":"https:\/\/www.wheelers.es\/en\/wp-json\/wp\/v2\/pages\/2223\/revisions"}],"wp:attachment":[{"href":"https:\/\/www.wheelers.es\/en\/wp-json\/wp\/v2\/media?parent=2223"}],"curies":[{"name":"wp","href":"https:\/\/api.w.org\/{rel}","templated":true}]}}