{"id":874,"date":"2024-12-19T07:14:55","date_gmt":"2024-12-19T07:14:55","guid":{"rendered":"https:\/\/www.wheelers.es\/?page_id=874"},"modified":"2025-11-11T21:45:23","modified_gmt":"2025-11-11T20:45:23","slug":"envios-y-devoluciones","status":"publish","type":"page","link":"https:\/\/www.wheelers.es\/en\/envios-y-devoluciones\/","title":{"rendered":"Env\u00edos Y Devoluciones"},"content":{"rendered":"<div data-elementor-type=\"wp-page\" data-elementor-id=\"874\" class=\"elementor elementor-874\" data-elementor-post-type=\"page\">\n\t\t\t\t<div class=\"elementor-element elementor-element-e4b7326 e-flex e-con-boxed e-con e-parent\" data-id=\"e4b7326\" data-element_type=\"container\" data-e-type=\"container\">\n\t\t\t\t\t<div class=\"e-con-inner\">\n\t\t<div class=\"elementor-element elementor-element-49af67f e-con-full e-flex e-con e-child\" data-id=\"49af67f\" data-element_type=\"container\" data-e-type=\"container\">\n\t\t\t\t<div class=\"elementor-element elementor-element-563b2bf elementor-widget elementor-widget-heading\" data-id=\"563b2bf\" data-element_type=\"widget\" data-e-type=\"widget\" data-widget_type=\"heading.default\">\n\t\t\t\t<div class=\"elementor-widget-container\">\n\t\t\t\t\t<h1 class=\"elementor-heading-title elementor-size-default\">Env\u00edos Y Devoluciones\n<\/h1>\t\t\t\t<\/div>\n\t\t\t\t<\/div>\n\t\t\t\t<div class=\"elementor-element elementor-element-25e6a07 elementor-widget elementor-widget-text-editor\" data-id=\"25e6a07\" data-element_type=\"widget\" data-e-type=\"widget\" data-widget_type=\"text-editor.default\">\n\t\t\t\t<div class=\"elementor-widget-container\">\n\t\t\t\t\t\t\t\t\t<p style=\"font-weight: 400;\">Todos los art\u00edculos ofrecidos en www.wheelers.es muestran el PVP IVA incluido. Los portes son gratuitos en Pen\u00ednsula a partir de 90\u20ac<\/p><p>Excepcionalmente, durante periodos de promoci\u00f3n se ofrecer\u00e1n portes gratuitos para pen\u00ednsula, lo cual quedar\u00e1 claramente reflejado tanto en la web como en el proceso de compra.<\/p><p>Para env\u00edos fuera de pen\u00ednsula se deber\u00e1 consultar el precio de los portes en el email info@wheelers.es antes de finalizar el proceso de compra, tanto en periodos de promoci\u00f3n como fuera de dichos periodos<\/p>\t\t\t\t\t\t\t\t<\/div>\n\t\t\t\t<\/div>\n\t\t\t\t<div class=\"elementor-element elementor-element-4933b47 jb-ol elementor-widget elementor-widget-text-editor\" data-id=\"4933b47\" data-element_type=\"widget\" data-e-type=\"widget\" data-widget_type=\"text-editor.default\">\n\t\t\t\t<div class=\"elementor-widget-container\">\n\t\t\t\t\t\t\t\t\t<p><br \/>GARANT\u00cdA Y DEVOLUCIONES<\/p><p>La ley 23\/2003, de 10 de julio de Garant\u00edas de la Venta de Bienes de Consumo, establece que cualquier art\u00edculo nuevo tiene una garant\u00eda de al menos dos a\u00f1os desde la fecha de su adquisici\u00f3n. Esta garant\u00eda se limita en cualquier caso a defectos de fabricaci\u00f3n, y nunca podr\u00e1 aplicarse si el deterioro del art\u00edculo es consecuencia de su uso o negligencia por parte del usuario final.<\/p><p>En caso de que el usuario sufra una incidencia en la compra por Internet, ya sea porque no le llegue el producto comprado o porque el precio no sea el acordado, y siempre que se trate de compras realizadas en comercios de pa\u00edses de la Uni\u00f3n Europea, la ley garantiza sus derechos.<\/p><p>Seg\u00fan la Ley de Servicios de la Sociedad de la Informaci\u00f3n y de Comercio Electr\u00f3nico (LSSI), en vigor desde julio de 2002, que a su vez sigue la Directiva Europea 2000\/31\/CE de Comercio Electr\u00f3nico, el comprador siempre tiene derecho a un recibo realizado contra el importe y la conformidad expl\u00edcita de su compra.<\/p><p>Aunque esta ley s\u00f3lo afecta a comercios espa\u00f1oles, en muchos pa\u00edses de la Uni\u00f3n Europea se aplican normativas similares.<\/p><p>Este recibo se le enviar\u00e1 por correo electr\u00f3nico y debe permitir su impresi\u00f3n en papel. Adem\u00e1s, el cargo en la cuenta del usuario s\u00f3lo se podr\u00e1 realizar en el momento en que \u00e9ste obtenga el recibo y no antes. Deben constar todos los datos de la empresa, as\u00ed como los costes de la operaci\u00f3n y los servicios por los que se ha pagado. As\u00ed se consigue la prueba legal, con car\u00e1cter contractual, con la que defenderse en un pleito.<\/p><p>En el caso de que en el proceso de compra tuvieran lugar inconvenientes que lleguen a implicar que esta no resulte satisfactoria, le rogamos lo comunique mediante e-mail para tratar de darle el mejor servicio posible.<\/p><p>Pol\u00edtica de devoluciones\u00a0<br \/>Tiene 14 d\u00edas a partir de la fecha de compra para devolver el art\u00edculo, sea cual sea el motivo de la devoluci\u00f3n.<br \/>Seg\u00fan establece la legislaci\u00f3n espa\u00f1ola, la pol\u00edtica de devoluciones y reclamaciones de productos de compra on-line, debe ofrecer las mismas garant\u00edas y derechos al comprador que aquellos comprados off-line, por ello que a continuaci\u00f3n se indican las pol\u00edticas de devoluciones de los art\u00edculos adquiridos en <a href=\"https:\/\/www.wheelers.es\/en\/\">www.wheelers.es<\/a><\/p><p>Las causas por las que puede ser devuelto un art\u00edculo son limitadas. En cualquier caso, todos los productos comercializados desde esta tienda han sido convenientemente inspeccionados y revisados antes del env\u00edo, por lo que recomendamos que antes de aceptar cualquier paquete se asegure de que el embalaje se encuentra en buen estado, y sin desprecintar. De no ser as\u00ed, le rogamos que NO ACEPTE EL PEDIDO, y se ponga en contacto inmediatamente con www.wheelers.es para notificar la incidencia y encontrar una soluci\u00f3n lo m\u00e1s \u00e1gil y adecuada posible, puesto que una vez firmado el comprobante de recepci\u00f3n acepta impl\u00edcitamente que el paquete est\u00e1 en perfectas condiciones, por lo que s\u00ed ha sufrido da\u00f1os, la empresa de transportes no se har\u00e1 cargo de posteriores reclamaciones, y www.wheelers.es podr\u00e1 no aceptar la devoluci\u00f3n de art\u00edculos con desperfectos.<\/p><p>Si por cualquier motivo no queda satisfecho con su producto adquirido a trav\u00e9s de Internet, dispone de un plazo de 14 d\u00edas, a contar desde la fecha de compra para devolverlo. Antes de realizar dicha devoluci\u00f3n el cliente deber\u00e1 ponerse en contacto con www.wheelers.es en el plazo indicado a trav\u00e9s de email, y se le indicar\u00e1 el procedimiento a seguir para realizar la devoluci\u00f3n.<\/p><p>Toda devoluci\u00f3n sin comunicaci\u00f3n previa ser\u00e1 rechazada por wheelers. Para que sea posible la admisi\u00f3n de la devoluci\u00f3n tanto el producto como su embalaje deber\u00e1n estar en perfectas condiciones, sin ralladuras ni embalaje roto o deteriorado e incluyendo toda la documentaci\u00f3n que acompa\u00f1e al producto, as\u00ed como sus accesorios y blistering. El cliente deber\u00e1 realizar un correcto empaquetado que asegure su transporte sin da\u00f1os. Una vez recibido y comprobado que el producto est\u00e1 en el mismo estado en que fue enviado, se proceder\u00e1 al reintegro de su importe del mismo modo que se hizo el pago original.<\/p><p>1.- Causas admitidas para la devoluci\u00f3n de productos:<br \/>\u2022 Que el art\u00edculo que le sea entregado no corresponda con el pedido realizado.<br \/>\u2022 Si por cualquier motivo el plazo de entrega es superior al establecido para su pedido, nos pondremos en contacto indic\u00e1ndole la fecha prevista aproximada para el env\u00edo. No obstante, si la demora es tal que el pedido ha dejado de tener utilidad, le recomendamos que no acepte el paquete. As\u00ed ahorrar\u00e1 los gastos de devoluci\u00f3n.<br \/>\u2022 Que el env\u00edo sea llevado a cabo a una direcci\u00f3n err\u00f3nea. S\u00f3lo en este caso, la devoluci\u00f3n se podr\u00e1 efectuar a portes debidos.<\/p><p>2.- Estado de los art\u00edculos para que sea aceptada su devoluci\u00f3n:<br \/>\u2022 Para que sea aceptada la devoluci\u00f3n de un art\u00edculo, es imprescindible que este se encuentre precintado, en su empaquetado original y en perfecto estado.<\/p><p>3.- Procedimiento establecido para la devoluci\u00f3n de los productos:<br \/>\u2022 En el caso de que el producto deba ser devuelto, deber\u00e1 ponerse en contacto con wheelers, por correo electr\u00f3nico a la direcci\u00f3n info@wheelers.es, \u00a0indicando el n\u00famero de pedido, y las causas de la devoluci\u00f3n.<br \/>\u2022 Tras facilitar estas informaciones, podr\u00e1 enviar el art\u00edculo a la direcci\u00f3n que se le indique, y una vez verificado el buen estado de la mercanc\u00eda se proceder\u00e1 al reembolso correspondiente a la compra,\u00a0descont\u00e1ndose la cantidad de 9\u20ac en concepto de gastos de manipulaci\u00f3n y de gesti\u00f3n\u00a0y los gastos de env\u00edo originales.<br \/>\u2022 Los gastos derivados de las devoluciones o cambios (fundamentalmente los portes) correr\u00e1n a cargo del cliente.<\/p><p>4.- Plazo m\u00e1ximo establecido para la devoluci\u00f3n:<br \/>\u2022 La ley de Ordenaci\u00f3n del Comercio Minorista establece un plazo m\u00e1ximo de 14 d\u00edas naturales a partir de la entrega del pedido al consumidor, pasado este plazo, ninguna devoluci\u00f3n ser\u00e1 admitida.\u00a0<\/p>\t\t\t\t\t\t\t\t<\/div>\n\t\t\t\t<\/div>\n\t\t\t\t<\/div>\n\t\t\t\t\t<\/div>\n\t\t\t\t<\/div>\n\t\t\t\t<\/div>","protected":false},"excerpt":{"rendered":"<p>Env\u00edos Y Devoluciones Todos los art\u00edculos ofrecidos en www.wheelers.es muestran el PVP IVA incluido. Los portes son gratuitos en Pen\u00ednsula [&hellip;]<\/p>\n","protected":false},"author":1,"featured_media":0,"parent":0,"menu_order":0,"comment_status":"closed","ping_status":"closed","template":"elementor_header_footer","meta":{"site-sidebar-layout":"default","site-content-layout":"","ast-site-content-layout":"default","site-content-style":"default","site-sidebar-style":"default","ast-global-header-display":"","ast-banner-title-visibility":"","ast-main-header-display":"","ast-hfb-above-header-display":"","ast-hfb-below-header-display":"","ast-hfb-mobile-header-display":"","site-post-title":"","ast-breadcrumbs-content":"","ast-featured-img":"","footer-sml-layout":"","ast-disable-related-posts":"","theme-transparent-header-meta":"","adv-header-id-meta":"","stick-header-meta":"","header-above-stick-meta":"","header-main-stick-meta":"","header-below-stick-meta":"","astra-migrate-meta-layouts":"default","ast-page-background-enabled":"default","ast-page-background-meta":{"desktop":{"background-color":"var(--ast-global-color-5)","background-image":"","background-repeat":"repeat","background-position":"center center","background-size":"auto","background-attachment":"scroll","background-type":"","background-media":"","overlay-type":"","overlay-color":"","overlay-opacity":"","overlay-gradient":""},"tablet":{"background-color":"","background-image":"","background-repeat":"repeat","background-position":"center center","background-size":"auto","background-attachment":"scroll","background-type":"","background-media":"","overlay-type":"","overlay-color":"","overlay-opacity":"","overlay-gradient":""},"mobile":{"background-color":"","background-image":"","background-repeat":"repeat","background-position":"center center","background-size":"auto","background-attachment":"scroll","background-type":"","background-media":"","overlay-type":"","overlay-color":"","overlay-opacity":"","overlay-gradient":""}},"ast-content-background-meta":{"desktop":{"background-color":"var(--ast-global-color-4)","background-image":"","background-repeat":"repeat","background-position":"center center","background-size":"auto","background-attachment":"scroll","background-type":"","background-media":"","overlay-type":"","overlay-color":"","overlay-opacity":"","overlay-gradient":""},"tablet":{"background-color":"var(--ast-global-color-4)","background-image":"","background-repeat":"repeat","background-position":"center center","background-size":"auto","background-attachment":"scroll","background-type":"","background-media":"","overlay-type":"","overlay-color":"","overlay-opacity":"","overlay-gradient":""},"mobile":{"background-color":"var(--ast-global-color-4)","background-image":"","background-repeat":"repeat","background-position":"center center","background-size":"auto","background-attachment":"scroll","background-type":"","background-media":"","overlay-type":"","overlay-color":"","overlay-opacity":"","overlay-gradient":""}},"footnotes":""},"class_list":["post-874","page","type-page","status-publish","hentry"],"yoast_head":"<!-- This site is optimized with the Yoast SEO Premium plugin v24.4 (Yoast SEO v27.4) - https:\/\/yoast.com\/product\/yoast-seo-premium-wordpress\/ -->\n<title>Envios y devoluciones Wheelers<\/title>\n<meta name=\"description\" content=\"Envios y devoluciones Wheelers\" \/>\n<meta name=\"robots\" content=\"index, follow, max-snippet:-1, max-image-preview:large, max-video-preview:-1\" \/>\n<link rel=\"canonical\" href=\"https:\/\/www.wheelers.es\/en\/envios-y-devoluciones\/\" \/>\n<meta property=\"og:locale\" content=\"en_US\" \/>\n<meta property=\"og:type\" content=\"article\" \/>\n<meta property=\"og:title\" content=\"Env\u00edos Y Devoluciones\" \/>\n<meta property=\"og:description\" content=\"Envios y devoluciones Wheelers\" \/>\n<meta property=\"og:url\" content=\"https:\/\/www.wheelers.es\/en\/envios-y-devoluciones\/\" \/>\n<meta property=\"og:site_name\" content=\"Wheelers\" \/>\n<meta property=\"article:modified_time\" content=\"2025-11-11T20:45:23+00:00\" \/>\n<meta name=\"twitter:card\" content=\"summary_large_image\" \/>\n<meta name=\"twitter:label1\" content=\"Est. reading time\" \/>\n\t<meta name=\"twitter:data1\" content=\"5 minutes\" \/>\n<script type=\"application\/ld+json\" class=\"yoast-schema-graph\">{\"@context\":\"https:\\\/\\\/schema.org\",\"@graph\":[{\"@type\":\"WebPage\",\"@id\":\"https:\\\/\\\/www.wheelers.es\\\/envios-y-devoluciones\\\/\",\"url\":\"https:\\\/\\\/www.wheelers.es\\\/envios-y-devoluciones\\\/\",\"name\":\"Envios y devoluciones Wheelers\",\"isPartOf\":{\"@id\":\"https:\\\/\\\/www.wheelers.es\\\/#website\"},\"datePublished\":\"2024-12-19T07:14:55+00:00\",\"dateModified\":\"2025-11-11T20:45:23+00:00\",\"description\":\"Envios y devoluciones Wheelers\",\"breadcrumb\":{\"@id\":\"https:\\\/\\\/www.wheelers.es\\\/envios-y-devoluciones\\\/#breadcrumb\"},\"inLanguage\":\"en-US\",\"potentialAction\":[{\"@type\":\"ReadAction\",\"target\":[\"https:\\\/\\\/www.wheelers.es\\\/envios-y-devoluciones\\\/\"]}]},{\"@type\":\"BreadcrumbList\",\"@id\":\"https:\\\/\\\/www.wheelers.es\\\/envios-y-devoluciones\\\/#breadcrumb\",\"itemListElement\":[{\"@type\":\"ListItem\",\"position\":1,\"name\":\"Portada\",\"item\":\"https:\\\/\\\/www.wheelers.es\\\/\"},{\"@type\":\"ListItem\",\"position\":2,\"name\":\"Env\u00edos Y Devoluciones\"}]},{\"@type\":\"WebSite\",\"@id\":\"https:\\\/\\\/www.wheelers.es\\\/#website\",\"url\":\"https:\\\/\\\/www.wheelers.es\\\/\",\"name\":\"Wheelers\",\"description\":\"Gafas de sol para petrolheads\",\"publisher\":{\"@id\":\"https:\\\/\\\/www.wheelers.es\\\/#organization\"},\"potentialAction\":[{\"@type\":\"SearchAction\",\"target\":{\"@type\":\"EntryPoint\",\"urlTemplate\":\"https:\\\/\\\/www.wheelers.es\\\/?s={search_term_string}\"},\"query-input\":{\"@type\":\"PropertyValueSpecification\",\"valueRequired\":true,\"valueName\":\"search_term_string\"}}],\"inLanguage\":\"en-US\"},{\"@type\":\"Organization\",\"@id\":\"https:\\\/\\\/www.wheelers.es\\\/#organization\",\"name\":\"Wheelers\",\"url\":\"https:\\\/\\\/www.wheelers.es\\\/\",\"logo\":{\"@type\":\"ImageObject\",\"inLanguage\":\"en-US\",\"@id\":\"https:\\\/\\\/www.wheelers.es\\\/#\\\/schema\\\/logo\\\/image\\\/\",\"url\":\"https:\\\/\\\/www.wheelers.es\\\/wp-content\\\/uploads\\\/2025\\\/02\\\/cropped-cropped-logo-negro.png\",\"contentUrl\":\"https:\\\/\\\/www.wheelers.es\\\/wp-content\\\/uploads\\\/2025\\\/02\\\/cropped-cropped-logo-negro.png\",\"width\":512,\"height\":297,\"caption\":\"Wheelers\"},\"image\":{\"@id\":\"https:\\\/\\\/www.wheelers.es\\\/#\\\/schema\\\/logo\\\/image\\\/\"}}]}<\/script>\n<!-- \/ Yoast SEO Premium plugin. -->","yoast_head_json":{"title":"Envios y devoluciones Wheelers","description":"Envios y devoluciones Wheelers","robots":{"index":"index","follow":"follow","max-snippet":"max-snippet:-1","max-image-preview":"max-image-preview:large","max-video-preview":"max-video-preview:-1"},"canonical":"https:\/\/www.wheelers.es\/en\/envios-y-devoluciones\/","og_locale":"en_US","og_type":"article","og_title":"Env\u00edos Y Devoluciones","og_description":"Envios y devoluciones Wheelers","og_url":"https:\/\/www.wheelers.es\/en\/envios-y-devoluciones\/","og_site_name":"Wheelers","article_modified_time":"2025-11-11T20:45:23+00:00","twitter_card":"summary_large_image","twitter_misc":{"Est. reading time":"5 minutes"},"schema":{"@context":"https:\/\/schema.org","@graph":[{"@type":"WebPage","@id":"https:\/\/www.wheelers.es\/envios-y-devoluciones\/","url":"https:\/\/www.wheelers.es\/envios-y-devoluciones\/","name":"Envios y devoluciones Wheelers","isPartOf":{"@id":"https:\/\/www.wheelers.es\/#website"},"datePublished":"2024-12-19T07:14:55+00:00","dateModified":"2025-11-11T20:45:23+00:00","description":"Envios y devoluciones Wheelers","breadcrumb":{"@id":"https:\/\/www.wheelers.es\/envios-y-devoluciones\/#breadcrumb"},"inLanguage":"en-US","potentialAction":[{"@type":"ReadAction","target":["https:\/\/www.wheelers.es\/envios-y-devoluciones\/"]}]},{"@type":"BreadcrumbList","@id":"https:\/\/www.wheelers.es\/envios-y-devoluciones\/#breadcrumb","itemListElement":[{"@type":"ListItem","position":1,"name":"Portada","item":"https:\/\/www.wheelers.es\/"},{"@type":"ListItem","position":2,"name":"Env\u00edos Y Devoluciones"}]},{"@type":"WebSite","@id":"https:\/\/www.wheelers.es\/#website","url":"https:\/\/www.wheelers.es\/","name":"Wheelers","description":"Gafas de sol para petrolheads","publisher":{"@id":"https:\/\/www.wheelers.es\/#organization"},"potentialAction":[{"@type":"SearchAction","target":{"@type":"EntryPoint","urlTemplate":"https:\/\/www.wheelers.es\/?s={search_term_string}"},"query-input":{"@type":"PropertyValueSpecification","valueRequired":true,"valueName":"search_term_string"}}],"inLanguage":"en-US"},{"@type":"Organization","@id":"https:\/\/www.wheelers.es\/#organization","name":"Wheelers","url":"https:\/\/www.wheelers.es\/","logo":{"@type":"ImageObject","inLanguage":"en-US","@id":"https:\/\/www.wheelers.es\/#\/schema\/logo\/image\/","url":"https:\/\/www.wheelers.es\/wp-content\/uploads\/2025\/02\/cropped-cropped-logo-negro.png","contentUrl":"https:\/\/www.wheelers.es\/wp-content\/uploads\/2025\/02\/cropped-cropped-logo-negro.png","width":512,"height":297,"caption":"Wheelers"},"image":{"@id":"https:\/\/www.wheelers.es\/#\/schema\/logo\/image\/"}}]}},"_links":{"self":[{"href":"https:\/\/www.wheelers.es\/en\/wp-json\/wp\/v2\/pages\/874","targetHints":{"allow":["GET"]}}],"collection":[{"href":"https:\/\/www.wheelers.es\/en\/wp-json\/wp\/v2\/pages"}],"about":[{"href":"https:\/\/www.wheelers.es\/en\/wp-json\/wp\/v2\/types\/page"}],"author":[{"embeddable":true,"href":"https:\/\/www.wheelers.es\/en\/wp-json\/wp\/v2\/users\/1"}],"replies":[{"embeddable":true,"href":"https:\/\/www.wheelers.es\/en\/wp-json\/wp\/v2\/comments?post=874"}],"version-history":[{"count":6,"href":"https:\/\/www.wheelers.es\/en\/wp-json\/wp\/v2\/pages\/874\/revisions"}],"predecessor-version":[{"id":3618,"href":"https:\/\/www.wheelers.es\/en\/wp-json\/wp\/v2\/pages\/874\/revisions\/3618"}],"wp:attachment":[{"href":"https:\/\/www.wheelers.es\/en\/wp-json\/wp\/v2\/media?parent=874"}],"curies":[{"name":"wp","href":"https:\/\/api.w.org\/{rel}","templated":true}]}}