{"id":902,"date":"2024-12-19T07:40:13","date_gmt":"2024-12-19T07:40:13","guid":{"rendered":"https:\/\/www.wheelers.es\/?page_id=902"},"modified":"2025-03-12T11:44:10","modified_gmt":"2025-03-12T10:44:10","slug":"pago-seguro","status":"publish","type":"page","link":"https:\/\/www.wheelers.es\/en\/pago-seguro\/","title":{"rendered":"Pago Seguro"},"content":{"rendered":"<div data-elementor-type=\"wp-page\" data-elementor-id=\"902\" class=\"elementor elementor-902\" data-elementor-post-type=\"page\">\n\t\t\t\t<div class=\"elementor-element elementor-element-619f5bd e-flex e-con-boxed e-con e-parent\" data-id=\"619f5bd\" data-element_type=\"container\" data-e-type=\"container\">\n\t\t\t\t\t<div class=\"e-con-inner\">\n\t\t<div class=\"elementor-element elementor-element-1fce895 e-con-full e-flex e-con e-child\" data-id=\"1fce895\" data-element_type=\"container\" data-e-type=\"container\">\n\t\t\t\t<div class=\"elementor-element elementor-element-fc53770 elementor-widget elementor-widget-heading\" data-id=\"fc53770\" data-element_type=\"widget\" data-e-type=\"widget\" data-widget_type=\"heading.default\">\n\t\t\t\t<div class=\"elementor-widget-container\">\n\t\t\t\t\t<h1 class=\"elementor-heading-title elementor-size-default\">PAGO SEGURO<\/h1>\t\t\t\t<\/div>\n\t\t\t\t<\/div>\n\t\t\t\t<div class=\"elementor-element elementor-element-700cdf2 elementor-widget elementor-widget-text-editor\" data-id=\"700cdf2\" data-element_type=\"widget\" data-e-type=\"widget\" data-widget_type=\"text-editor.default\">\n\t\t\t\t<div class=\"elementor-widget-container\">\n\t\t\t\t\t\t\t\t\t<div>\u00a0<\/div><div><div><p class=\"break-words\">En <strong>Wheelers<\/strong> nos preocupamos por ofrecerte una experiencia de compra segura, r\u00e1pida y c\u00f3moda. Por eso, ponemos a tu disposici\u00f3n varios m\u00e9todos de pago para que elijas el que mejor se adapte a tus necesidades. Todos nuestros sistemas de pago est\u00e1n protegidos con las \u00faltimas tecnolog\u00edas de seguridad para garantizar la protecci\u00f3n de tus datos.<\/p><h4>M\u00e9todos de pago aceptados:<\/h4><div>\u00a0<\/div><ol class=\"marker:text-secondary\"><li class=\"break-words\"><strong>Tarjeta de cr\u00e9dito o d\u00e9bito<\/strong><br \/>Aceptamos las principales tarjetas (Visa, MasterCard, etc.) a trav\u00e9s de una pasarela de pago segura con encriptaci\u00f3n SSL. Solo tienes que introducir los datos de tu tarjeta en el momento del pago y listo.<\/li><li class=\"break-words\"><strong>PayPal<\/strong><br \/>Paga de forma r\u00e1pida y segura con tu cuenta de PayPal. Una opci\u00f3n ideal si prefieres no compartir los datos de tu tarjeta directamente.<\/li><li class=\"break-words\"><strong>Bizum<\/strong><br \/>Si est\u00e1s en Espa\u00f1a, puedes usar Bizum para realizar pagos instant\u00e1neos desde tu m\u00f3vil. Solo necesitas tu n\u00famero de tel\u00e9fono asociado al servicio y en pocos pasos habr\u00e1s completado tu compra.<\/li><li class=\"break-words\"><strong>Transferencia bancaria<\/strong><br \/>Tambi\u00e9n puedes optar por realizar una transferencia directa a nuestra cuenta. Una vez confirmado tu pedido, te proporcionaremos los datos bancarios necesarios para completar el pago. Ten en cuenta que este m\u00e9todo puede tardar entre 1 y 3 d\u00edas h\u00e1biles en procesarse.<\/li><\/ol><div>\u00a0<\/div><div>\u00a0<\/div><h4>Seguridad garantizada<\/h4><div>\u00a0<\/div><p class=\"break-words\">Todas las transacciones realizadas en <a href=\"http:\/\/www.wheelers.es\/en\/\" target=\"_blank\" rel=\"noopener noreferrer\">www.wheelers.es<\/a> est\u00e1n protegidas mediante sistemas de encriptaci\u00f3n avanzados. Nos aseguramos de que tu informaci\u00f3n personal y financiera est\u00e9 a salvo en todo momento.<\/p><p class=\"break-words\">Si tienes alguna duda sobre el proceso de pago o necesitas asistencia, no dudes en contactarnos.<\/p><p class=\"break-words\">\u00a0\u00a1Estamos aqu\u00ed para ayudarte!<\/p><\/div><\/div>\t\t\t\t\t\t\t\t<\/div>\n\t\t\t\t<\/div>\n\t\t\t\t<\/div>\n\t\t\t\t\t<\/div>\n\t\t\t\t<\/div>\n\t\t\t\t<\/div>","protected":false},"excerpt":{"rendered":"<p>PAGO SEGURO \u00a0 En Wheelers nos preocupamos por ofrecerte una experiencia de compra segura, r\u00e1pida y c\u00f3moda. Por eso, ponemos [&hellip;]<\/p>\n","protected":false},"author":1,"featured_media":0,"parent":0,"menu_order":0,"comment_status":"closed","ping_status":"closed","template":"elementor_header_footer","meta":{"site-sidebar-layout":"default","site-content-layout":"","ast-site-content-layout":"default","site-content-style":"default","site-sidebar-style":"default","ast-global-header-display":"","ast-banner-title-visibility":"","ast-main-header-display":"","ast-hfb-above-header-display":"","ast-hfb-below-header-display":"","ast-hfb-mobile-header-display":"","site-post-title":"","ast-breadcrumbs-content":"","ast-featured-img":"","footer-sml-layout":"","ast-disable-related-posts":"","theme-transparent-header-meta":"","adv-header-id-meta":"","stick-header-meta":"","header-above-stick-meta":"","header-main-stick-meta":"","header-below-stick-meta":"","astra-migrate-meta-layouts":"default","ast-page-background-enabled":"default","ast-page-background-meta":{"desktop":{"background-color":"var(--ast-global-color-5)","background-image":"","background-repeat":"repeat","background-position":"center center","background-size":"auto","background-attachment":"scroll","background-type":"","background-media":"","overlay-type":"","overlay-color":"","overlay-opacity":"","overlay-gradient":""},"tablet":{"background-color":"","background-image":"","background-repeat":"repeat","background-position":"center center","background-size":"auto","background-attachment":"scroll","background-type":"","background-media":"","overlay-type":"","overlay-color":"","overlay-opacity":"","overlay-gradient":""},"mobile":{"background-color":"","background-image":"","background-repeat":"repeat","background-position":"center center","background-size":"auto","background-attachment":"scroll","background-type":"","background-media":"","overlay-type":"","overlay-color":"","overlay-opacity":"","overlay-gradient":""}},"ast-content-background-meta":{"desktop":{"background-color":"var(--ast-global-color-4)","background-image":"","background-repeat":"repeat","background-position":"center center","background-size":"auto","background-attachment":"scroll","background-type":"","background-media":"","overlay-type":"","overlay-color":"","overlay-opacity":"","overlay-gradient":""},"tablet":{"background-color":"var(--ast-global-color-4)","background-image":"","background-repeat":"repeat","background-position":"center center","background-size":"auto","background-attachment":"scroll","background-type":"","background-media":"","overlay-type":"","overlay-color":"","overlay-opacity":"","overlay-gradient":""},"mobile":{"background-color":"var(--ast-global-color-4)","background-image":"","background-repeat":"repeat","background-position":"center center","background-size":"auto","background-attachment":"scroll","background-type":"","background-media":"","overlay-type":"","overlay-color":"","overlay-opacity":"","overlay-gradient":""}},"footnotes":""},"class_list":["post-902","page","type-page","status-publish","hentry"],"yoast_head":"<!-- This site is optimized with the Yoast SEO Premium plugin v24.4 (Yoast SEO v27.4) - https:\/\/yoast.com\/product\/yoast-seo-premium-wordpress\/ -->\n<title>Pago Seguro - Wheelers<\/title>\n<meta name=\"robots\" content=\"index, follow, max-snippet:-1, max-image-preview:large, max-video-preview:-1\" \/>\n<link rel=\"canonical\" href=\"https:\/\/www.wheelers.es\/en\/pago-seguro\/\" \/>\n<meta property=\"og:locale\" content=\"en_US\" \/>\n<meta property=\"og:type\" content=\"article\" \/>\n<meta property=\"og:title\" content=\"Pago Seguro\" \/>\n<meta property=\"og:description\" content=\"PAGO SEGURO \u00a0 En Wheelers nos preocupamos por ofrecerte una experiencia de compra segura, r\u00e1pida y c\u00f3moda. Por eso, ponemos [&hellip;]\" \/>\n<meta property=\"og:url\" content=\"https:\/\/www.wheelers.es\/en\/pago-seguro\/\" \/>\n<meta property=\"og:site_name\" content=\"Wheelers\" \/>\n<meta property=\"article:modified_time\" content=\"2025-03-12T10:44:10+00:00\" \/>\n<meta name=\"twitter:card\" content=\"summary_large_image\" \/>\n<meta name=\"twitter:label1\" content=\"Est. reading time\" \/>\n\t<meta name=\"twitter:data1\" content=\"2 minutes\" \/>\n<script type=\"application\/ld+json\" class=\"yoast-schema-graph\">{\"@context\":\"https:\\\/\\\/schema.org\",\"@graph\":[{\"@type\":\"WebPage\",\"@id\":\"https:\\\/\\\/www.wheelers.es\\\/pago-seguro\\\/\",\"url\":\"https:\\\/\\\/www.wheelers.es\\\/pago-seguro\\\/\",\"name\":\"Pago Seguro - Wheelers\",\"isPartOf\":{\"@id\":\"https:\\\/\\\/www.wheelers.es\\\/#website\"},\"datePublished\":\"2024-12-19T07:40:13+00:00\",\"dateModified\":\"2025-03-12T10:44:10+00:00\",\"breadcrumb\":{\"@id\":\"https:\\\/\\\/www.wheelers.es\\\/pago-seguro\\\/#breadcrumb\"},\"inLanguage\":\"en-US\",\"potentialAction\":[{\"@type\":\"ReadAction\",\"target\":[\"https:\\\/\\\/www.wheelers.es\\\/pago-seguro\\\/\"]}]},{\"@type\":\"BreadcrumbList\",\"@id\":\"https:\\\/\\\/www.wheelers.es\\\/pago-seguro\\\/#breadcrumb\",\"itemListElement\":[{\"@type\":\"ListItem\",\"position\":1,\"name\":\"Portada\",\"item\":\"https:\\\/\\\/www.wheelers.es\\\/\"},{\"@type\":\"ListItem\",\"position\":2,\"name\":\"Pago Seguro\"}]},{\"@type\":\"WebSite\",\"@id\":\"https:\\\/\\\/www.wheelers.es\\\/#website\",\"url\":\"https:\\\/\\\/www.wheelers.es\\\/\",\"name\":\"Wheelers\",\"description\":\"Gafas de sol para petrolheads\",\"publisher\":{\"@id\":\"https:\\\/\\\/www.wheelers.es\\\/#organization\"},\"potentialAction\":[{\"@type\":\"SearchAction\",\"target\":{\"@type\":\"EntryPoint\",\"urlTemplate\":\"https:\\\/\\\/www.wheelers.es\\\/?s={search_term_string}\"},\"query-input\":{\"@type\":\"PropertyValueSpecification\",\"valueRequired\":true,\"valueName\":\"search_term_string\"}}],\"inLanguage\":\"en-US\"},{\"@type\":\"Organization\",\"@id\":\"https:\\\/\\\/www.wheelers.es\\\/#organization\",\"name\":\"Wheelers\",\"url\":\"https:\\\/\\\/www.wheelers.es\\\/\",\"logo\":{\"@type\":\"ImageObject\",\"inLanguage\":\"en-US\",\"@id\":\"https:\\\/\\\/www.wheelers.es\\\/#\\\/schema\\\/logo\\\/image\\\/\",\"url\":\"https:\\\/\\\/www.wheelers.es\\\/wp-content\\\/uploads\\\/2025\\\/02\\\/cropped-cropped-logo-negro.png\",\"contentUrl\":\"https:\\\/\\\/www.wheelers.es\\\/wp-content\\\/uploads\\\/2025\\\/02\\\/cropped-cropped-logo-negro.png\",\"width\":512,\"height\":297,\"caption\":\"Wheelers\"},\"image\":{\"@id\":\"https:\\\/\\\/www.wheelers.es\\\/#\\\/schema\\\/logo\\\/image\\\/\"}}]}<\/script>\n<!-- \/ Yoast SEO Premium plugin. -->","yoast_head_json":{"title":"Pago Seguro - Wheelers","robots":{"index":"index","follow":"follow","max-snippet":"max-snippet:-1","max-image-preview":"max-image-preview:large","max-video-preview":"max-video-preview:-1"},"canonical":"https:\/\/www.wheelers.es\/en\/pago-seguro\/","og_locale":"en_US","og_type":"article","og_title":"Pago Seguro","og_description":"PAGO SEGURO \u00a0 En Wheelers nos preocupamos por ofrecerte una experiencia de compra segura, r\u00e1pida y c\u00f3moda. Por eso, ponemos [&hellip;]","og_url":"https:\/\/www.wheelers.es\/en\/pago-seguro\/","og_site_name":"Wheelers","article_modified_time":"2025-03-12T10:44:10+00:00","twitter_card":"summary_large_image","twitter_misc":{"Est. reading time":"2 minutes"},"schema":{"@context":"https:\/\/schema.org","@graph":[{"@type":"WebPage","@id":"https:\/\/www.wheelers.es\/pago-seguro\/","url":"https:\/\/www.wheelers.es\/pago-seguro\/","name":"Pago Seguro - Wheelers","isPartOf":{"@id":"https:\/\/www.wheelers.es\/#website"},"datePublished":"2024-12-19T07:40:13+00:00","dateModified":"2025-03-12T10:44:10+00:00","breadcrumb":{"@id":"https:\/\/www.wheelers.es\/pago-seguro\/#breadcrumb"},"inLanguage":"en-US","potentialAction":[{"@type":"ReadAction","target":["https:\/\/www.wheelers.es\/pago-seguro\/"]}]},{"@type":"BreadcrumbList","@id":"https:\/\/www.wheelers.es\/pago-seguro\/#breadcrumb","itemListElement":[{"@type":"ListItem","position":1,"name":"Portada","item":"https:\/\/www.wheelers.es\/"},{"@type":"ListItem","position":2,"name":"Pago Seguro"}]},{"@type":"WebSite","@id":"https:\/\/www.wheelers.es\/#website","url":"https:\/\/www.wheelers.es\/","name":"Wheelers","description":"Gafas de sol para petrolheads","publisher":{"@id":"https:\/\/www.wheelers.es\/#organization"},"potentialAction":[{"@type":"SearchAction","target":{"@type":"EntryPoint","urlTemplate":"https:\/\/www.wheelers.es\/?s={search_term_string}"},"query-input":{"@type":"PropertyValueSpecification","valueRequired":true,"valueName":"search_term_string"}}],"inLanguage":"en-US"},{"@type":"Organization","@id":"https:\/\/www.wheelers.es\/#organization","name":"Wheelers","url":"https:\/\/www.wheelers.es\/","logo":{"@type":"ImageObject","inLanguage":"en-US","@id":"https:\/\/www.wheelers.es\/#\/schema\/logo\/image\/","url":"https:\/\/www.wheelers.es\/wp-content\/uploads\/2025\/02\/cropped-cropped-logo-negro.png","contentUrl":"https:\/\/www.wheelers.es\/wp-content\/uploads\/2025\/02\/cropped-cropped-logo-negro.png","width":512,"height":297,"caption":"Wheelers"},"image":{"@id":"https:\/\/www.wheelers.es\/#\/schema\/logo\/image\/"}}]}},"_links":{"self":[{"href":"https:\/\/www.wheelers.es\/en\/wp-json\/wp\/v2\/pages\/902","targetHints":{"allow":["GET"]}}],"collection":[{"href":"https:\/\/www.wheelers.es\/en\/wp-json\/wp\/v2\/pages"}],"about":[{"href":"https:\/\/www.wheelers.es\/en\/wp-json\/wp\/v2\/types\/page"}],"author":[{"embeddable":true,"href":"https:\/\/www.wheelers.es\/en\/wp-json\/wp\/v2\/users\/1"}],"replies":[{"embeddable":true,"href":"https:\/\/www.wheelers.es\/en\/wp-json\/wp\/v2\/comments?post=902"}],"version-history":[{"count":0,"href":"https:\/\/www.wheelers.es\/en\/wp-json\/wp\/v2\/pages\/902\/revisions"}],"wp:attachment":[{"href":"https:\/\/www.wheelers.es\/en\/wp-json\/wp\/v2\/media?parent=902"}],"curies":[{"name":"wp","href":"https:\/\/api.w.org\/{rel}","templated":true}]}}