{"id":941,"date":"2024-12-19T07:51:25","date_gmt":"2024-12-19T07:51:25","guid":{"rendered":"https:\/\/www.wheelers.es\/?page_id=941"},"modified":"2025-10-30T13:33:07","modified_gmt":"2025-10-30T12:33:07","slug":"terminos-y-condiciones","status":"publish","type":"page","link":"https:\/\/www.wheelers.es\/en\/terminos-y-condiciones\/","title":{"rendered":"T\u00e9rminos y Condiciones"},"content":{"rendered":"<div data-elementor-type=\"wp-page\" data-elementor-id=\"941\" class=\"elementor elementor-941\" data-elementor-post-type=\"page\">\n\t\t\t\t<div class=\"elementor-element elementor-element-d5e4820 e-flex e-con-boxed e-con e-parent\" data-id=\"d5e4820\" data-element_type=\"container\" data-e-type=\"container\">\n\t\t\t\t\t<div class=\"e-con-inner\">\n\t\t<div class=\"elementor-element elementor-element-382d59f e-con-full e-flex e-con e-child\" data-id=\"382d59f\" data-element_type=\"container\" data-e-type=\"container\">\n\t\t\t\t<div class=\"elementor-element elementor-element-fcf56c2 elementor-widget elementor-widget-heading\" data-id=\"fcf56c2\" data-element_type=\"widget\" data-e-type=\"widget\" data-widget_type=\"heading.default\">\n\t\t\t\t<div class=\"elementor-widget-container\">\n\t\t\t\t\t<h1 class=\"elementor-heading-title elementor-size-default\">T\u00e9rminos y Condiciones<\/h1>\t\t\t\t<\/div>\n\t\t\t\t<\/div>\n\t\t\t\t<div class=\"elementor-element elementor-element-73ba1b6 elementor-widget elementor-widget-text-editor\" data-id=\"73ba1b6\" data-element_type=\"widget\" data-e-type=\"widget\" data-widget_type=\"text-editor.default\">\n\t\t\t\t<div class=\"elementor-widget-container\">\n\t\t\t\t\t\t\t\t\t<p>Introducci\u00f3n<\/p><p>Las presentes condiciones de contrataci\u00f3n, han sido redactadas teniendo en cuenta el RDL 1\/2007, de 16 de noviembre y sus modificaciones en relaci\u00f3n a la legislaci\u00f3n sobre consumidores y usuarios. En las mismas se regula la relaci\u00f3n entre los consumidores (compradores a trav\u00e9s de nuestra web) y nuestra empresa como propietaria de la web y en concepto de vendedor. As\u00ed como la Ley 7\/1998, de 13 de abril, sobre condiciones generales de la contrataci\u00f3n que las rige, y por la normativa espec\u00edfica que regula la profesi\u00f3n del vendedor.<\/p><p>En Madrid, sede de www.wheelers.es, rige en materia de Hojas de Reclamaciones la Orden de 3 de febrero de 2017, de la Consejer\u00eda de Econom\u00eda, Empleo y Hacienda,, por el que se regulan las hojas de reclamaciones a disposici\u00f3n de los consumidores y usuarios\u00a0(BOCM n\u00ba 49, de 27 de\u00a0febrero)\u00a0En el anexo 2 a estas condiciones tiene un modelo para poder presentar cualquier reclamaci\u00f3n que en su derecho convenga.<\/p><p>El contrato que rige nuestra relaci\u00f3n es de COMPRAVENTA FUERA DEL ESTABLECIMIENTO MERCANTIL, regulado en el RDL 1\/2007, de 16 de noviembre sobre consumidores y usuarios.<\/p><p>www.wheelers.es podr\u00e1, en todo momento y sin previo aviso, modificar las presentes Condiciones Generales, mediante la publicaci\u00f3n de dichas modificaciones en el Portal con el fin de que puedan ser conocidas por los Usuarios siempre antes de la visita al Portal o a la adquisici\u00f3n de cualesquiera bienes ofertados en el Portal. Cumpliendo as\u00ed el deber de informaci\u00f3n que la legislaci\u00f3n le requiere.<\/p><p>El presente contrato se regir\u00e1 por la legislaci\u00f3n espa\u00f1ola, en concreto la Ley de Consumidores y Usuarios, as\u00ed como el resto de legislaci\u00f3n que afecte a consumidores y usuarios, tanto en la legislaci\u00f3n nacional como la de la Uni\u00f3n Europea, que ser\u00e1 de aplicaci\u00f3n en lo no dispuesto en este contrato en materia de interpretaci\u00f3n, validez y ejecuci\u00f3n. En caso de no regular algunas de las cuestiones que se susciten, ser\u00e1 de aplicaci\u00f3n como norma subsidiaria el C\u00f3digo Civil.<\/p><p>El idioma de las condiciones generales de contrataci\u00f3n y que rige lo pactado en estas condiciones es el ESPA\u00d1OL &#8211; CASTELLANO, cualquier traducci\u00f3n realizada a las mismas, y en caso de discrepancia ser\u00e1 de aplicaci\u00f3n para su resoluci\u00f3n el espa\u00f1ol &#8211; castellano.<\/p><p>Como norma general para el usuario de la web para estas condiciones, y antes de comenzar con las preguntas frecuentes que regir\u00e1n las condiciones generales, el usuario\/comprador se obliga a:<\/p><p>\u00b7\u00a0\u00a0\u00a0\u00a0\u00a0\u00a0\u00a0\u00a0\u00a0En el caso de registrarse, el Usuario se obliga a proporcionar verazmente los datos proporcionados y a mantenerlos actualizados, obligaci\u00f3n recogida como principio de la Ley de Protecci\u00f3n de datos de Car\u00e1cter Personal.<\/p><p>\u00b7\u00a0\u00a0\u00a0\u00a0\u00a0\u00a0\u00a0\u00a0\u00a0No introducir, almacenar o difundir en o desde el Portal, cualquier informaci\u00f3n o material que fuera difamatorio, injurioso, obsceno, amenazador, xen\u00f3fobo, incite a la violencia a la discriminaci\u00f3n por raz\u00f3n de raza, sexo, ideolog\u00eda, religi\u00f3n o que de cualquier forma atente contra la forma, el orden p\u00fablico, los derechos fundamentales, las libertades p\u00fablicas, el honor, la intimidad o la imagen de terceros y en general la normativa vigente.<\/p><p>\u00b7\u00a0\u00a0\u00a0\u00a0\u00a0\u00a0\u00a0\u00a0\u00a0No introducir, almacenar o difundir mediante el Portal ning\u00fan programa de ordenador, datos, virus, c\u00f3digo, equipo de hardware o de telecomunicaciones o cualquier otro instrumento o dispositivo electr\u00f3nico o f\u00edsico que sea susceptible de causar da\u00f1os en el Portal, en cualquiera de los Servicios, o en cualquiera de los equipos, sistemas o redes de www.wheelers.es, de cualquier Usuario, de sus proveedores o en general de cualquier tercero, o que de cualquier otra forma sea capaz de causarles cualquier tipo de alteraci\u00f3n o impedir el normal funcionamiento de los mismos.<\/p><p>\u00b7\u00a0\u00a0\u00a0\u00a0\u00a0\u00a0\u00a0\u00a0\u00a0No realizar actividades publicitarias, promocionales o de explotaci\u00f3n comercial a trav\u00e9s del Portal, no utilizando los contenidos y en particular la informaci\u00f3n obtenida a trav\u00e9s del Portal para remitir publicidad, enviar mensajes con fines de venta directa o con cualquier otro fin comercial, ni para recoger o almacenar datos personales de terceros.<\/p><p>\u00b7\u00a0\u00a0\u00a0\u00a0\u00a0\u00a0\u00a0\u00a0\u00a0No utilizar identidades falsas, ni suplantar la identidad de otros en la utilizaci\u00f3n del Portal o en la utilizaci\u00f3n o adquisici\u00f3n de cualquiera de los Productos, incluyendo la utilizaci\u00f3n en su caso de contrase\u00f1as o claves de acceso de terceros o de cualquier otra forma.<\/p><p>\u00b7\u00a0\u00a0\u00a0\u00a0\u00a0\u00a0\u00a0\u00a0\u00a0No introducir, almacenar o difundir mediante el Portal cualquier contenido que infrinja derechos de propiedad intelectual, industrial o secretos empresariales de terceros, ni en general ning\u00fan contenido del cual no ostentara, de conformidad con la ley, el derecho a ponerlo a disposici\u00f3n de tercero.<\/p><p>Usuario<\/p><p>El acceso a la website de www.wheelers.es\u00a0implica que acepta ser usuario, e implica la aceptaci\u00f3n de las condiciones de uso y el cumplimiento de la normativa legal de aplicaci\u00f3n a la p\u00e1gina web. Esta responsabilidad incluye:<\/p><p>\u00b7\u00a0\u00a0\u00a0\u00a0\u00a0\u00a0\u00a0\u00a0\u00a0La licitud y veracidad de los datos que se faciliten en los formularios en los que se le soliciten datos de car\u00e1cter personal para proceder a la operaci\u00f3n de compraventa a trav\u00e9s de la web.<\/p><p>\u00b7\u00a0\u00a0\u00a0\u00a0\u00a0\u00a0\u00a0\u00a0\u00a0El uso adecuado de la informaci\u00f3n y contenido ofrecido en la p\u00e1gina web de www.wheelers.es, conforme a la normativa nacional e internacional que sea de aplicaci\u00f3n.<\/p><p>\u00b7\u00a0\u00a0\u00a0\u00a0\u00a0\u00a0\u00a0\u00a0\u00a0En el acceso a la p\u00e1gina web, se le solicitar\u00e1 un mail con el fin de enviarle notificaciones y mejoras de la p\u00e1gina web, en ocasiones ser\u00e1 publicidad acerca de novedades que pueden ser interesantes para Vd. como usuario. El no introducir el mail no implica que no pueda seguir navegando en la web e incluso poder realizar compras.<\/p><p>En cumplimiento de la Ley 4\/2022 de 25 de febrero, se comunica que en caso de que Vd. se considere CONSUMIDOR VULNERABLE, h\u00e1ganoslo saber inmediatamente para poder ampliar de forma escrita, telef\u00f3nica cualquier informaci\u00f3n que no le quede clara de estas condiciones que a continuaci\u00f3n ponemos. Seg\u00fan el art. 3 del RDL 1\/2007 de 16 de noviembre, tienen la consideraci\u00f3n de personas consumidoras vulnerables respecto de relaciones concretas de consumo, aquellas personas f\u00edsicas que, de forma individual o colectiva, por sus caracter\u00edsticas, necesidades o circunstancias personales, econ\u00f3micas, educativas o sociales, se encuentran, aunque sea territorial, sectorial o temporalmente, en una especial situaci\u00f3n de subordinaci\u00f3n, indefensi\u00f3n o desprotecci\u00f3n que les impide el ejercicio de sus derechos como personas consumidoras en condiciones de igualdad.<\/p><p>Caracter\u00edsticas de los productos ofertados<\/p><p>Todos los productos que vendemos a trav\u00e9s de la web, tienen una serie de caracter\u00edsticas y elementos comunes en cuanto a la calidad y materiales a utilizar.<\/p><p>El material que vendemos est\u00e1 expuesto mediante fotograf\u00edas, que colgamos en nuestra p\u00e1gina web, tratando de ser lo m\u00e1s exacto a la realidad. En todo caso, las personas que llevan la ropa que vendemos puesta son modelos contratadas por www.wheelers.es y por lo tanto son orientativas.<\/p><p>En caso de requerir las caracter\u00edsticas del producto de forma detallada, no dude en hac\u00e9rnoslo saber por alguno de los medios de contacto que le facilitamos en la p\u00e1gina web.<\/p><p>Precios<\/p><p>El precio de cada producto viene fijado en la web, ser\u00e1 el que se indique en la tienda online en todo caso, dicho precio llevar\u00e1 incluido el IVA. En el supuesto de que se produzca por cualquier causa un error tipogr\u00e1fico, lo solucionaremos actualizando el precio definitivo en la confirmaci\u00f3n del pedido.<\/p><p>Adem\u00e1s, dado que el error puede considerarse nuestro, le daremos la opci\u00f3n de anular su pedido.<\/p><p>En caso de haber procedido al cargo en su tarjeta de cr\u00e9dito se le reembolsaran todas las cantidades adeudadas por este concepto.<\/p><p>En cumplimiento de la legislaci\u00f3n vigente, el precio final incluir\u00e1 todos los gastos que conlleva la compra de nuestros productos a excepci\u00f3n de aquellos gastos aduaneros o tasas de importaci\u00f3n que en su caso puedan producirse.<\/p><p>Disponibilidad<\/p><p>En principio, y como criterio general contamos con el 90 % del Stock de productos que se ofrecen a trav\u00e9s de la tienda online. En todo caso, si no cont\u00e1semos en ese momento con productos ofertados en nuestros almacenes, se lo haremos saber inmediatamente a trav\u00e9s de un correo electr\u00f3nico.<\/p><p>Si ocasionalmente se produjese alg\u00fan contratiempo con respecto a la disponibilidad del producto elegido, le daremos la alternativa de cancelar el producto, o bien elegir uno diferente.<\/p><p>Si hemos procedido al cargo en su tarjeta de cr\u00e9dito se le reembolsaran todas las cantidades adeudadas por este concepto, evidentemente sin coste alguno para Vd.<\/p><p>Formas de pago<\/p><p>Como norma general cabe decirle que todas las \u00e1reas relacionadas con el proceso de finalizaci\u00f3n de pedidos y MI CUENTA est\u00e1n aseguradas a trav\u00e9s del protocolo SSL, que protege ante accesos no autorizados. La URL en la l\u00ednea de direcciones de su navegador que comienza con https:\/\/ indica que est\u00e1 en un \u00e1rea segura.<\/p><p>Nuestra tienda online, pone a su disposici\u00f3n las siguientes formas de pago:<\/p><p>Tarjeta:\u00a0Aceptamos tarjetas de cr\u00e9dito y d\u00e9bito de Visa, Visa Electr\u00f3n y Mastercard. El paso se realizar\u00e1 a trav\u00e9s de la pasarelas de pago 100% seguras que Redsys y Paypal ponen a nuestra disposici\u00f3n con el nuevo sistema de tienda virtual.<\/p><p>En caso que no permita efectuar el pago mediante tarjeta de cr\u00e9dito, puede ser por distintas causas, compruebe si es alguna de las que le detallamos:<\/p><p>La fecha de caducidad de su tarjeta<br \/>La introducci\u00f3n de todos los n\u00fameros de su tarjeta, y sin errores<br \/>Puede que se haya pasado del l\u00edmite de gasto, esto lo deber\u00e1 comprobar con su banco.<\/p><p>PayPal:\u00a0Mediante este sistema, se le abrir\u00e1 la plataforma de pago de PayPal, a partir de ese momento, el pago de nuestros productos se regir\u00e1 por las condiciones espec\u00edficas que la plataforma PayPal pone a su disposici\u00f3n.<\/p><p>Transferencia bancaria: Mediante \u00e9ste m\u00e9todo de pago, el env\u00edo de los pedidos quedar\u00e1 pendiente hasta la confirmaci\u00f3n de transferencia en nuestra cuenta bancaria, proceso que suele tardar 24-48h.<\/p><p>Pol\u00edtica de env\u00edos<\/p><p>Disponemos toda la informaci\u00f3n referente a pol\u00edtica de env\u00edos en el apartado:\u00a0Env\u00edos y Devoluciones<\/p><p>Derecho de desistimiento<\/p><p>Disponemos toda la informaci\u00f3n referente al derecho de desistimiento en el apartado:\u00a0Env\u00edos y Devoluciones<\/p><p>Cambios y devoluciones<\/p><p>Disponemos toda la informaci\u00f3n referente a cambios y devoluciones en el apartado: Env\u00edos y Devoluciones<\/p><p>Garant\u00eda Legal<\/p><p>Conforme dispone el art\u00edculo 120 del texto refundido de la Ley General para la Defensa de los Consumidores y Usuarios y otras leyes complementarias, aprobado por el Real Decreto Legislativo 1\/2007, de 16 de noviembre, en su versi\u00f3n vigente a tenor de lo dispuesto en el Real Decreto-ley 7\/2021, de 27 de abril, de transposici\u00f3n de directivas de la Uni\u00f3n Europea en las materias de competencia, prevenci\u00f3n del blanqueo de capitales, entidades de cr\u00e9dito, telecomunicaciones, medidas tributarias, prevenci\u00f3n y reparaci\u00f3n de da\u00f1os medioambientales, desplazamiento de trabajadores en la prestaci\u00f3n de servicios transnacionales y defensa de los consumidores, esta empresa ser\u00e1 responsable de las faltas de conformidad que existan en el momento de la entrega o del suministro y se manifiesten en un plazo de tres a\u00f1os desde la entrega del producto, plazo que se considerar\u00e1 de garant\u00eda legal para todas aquellas adquisiciones efectuadas a partir del 1 de enero de 2022.<\/p><p>Para las adquisiciones efectuadas con anterioridad a dicha fecha, el periodo de garant\u00eda seguir\u00e1 siendo de dos a\u00f1os desde la fecha de la compra realizada por el cliente en la plataforma.<\/p><p>Plataforma Europea para la resoluci\u00f3n de conflictos<\/p><p>En cumplimiento del art\u00edculo 14. 1 del Reglamento UE 524\/2013 se informa a los clientes de nuestra p\u00e1gina web que la Uni\u00f3n Europea ha puesto a su disposici\u00f3n una plataforma para la resoluci\u00f3n de los conflictos en l\u00ednea que pueda surgir entre ambas partes.<\/p><p>El enlace para hacer uso de dicha plataforma es\u00a0http:\/\/ec.europa.eu\/consumers\/odr\/\u00a0(operativa desde el d\u00eda 15 de febrero de 2016)<\/p><p>Los consumidores podr\u00e1n someter las cuestiones sobre consumo en dicho enlace.<\/p><p>Impuestos aplicables a las ventas a trav\u00e9s de esta web<\/p><p>Nuestra p\u00e1gina web es espa\u00f1ola y por lo tanto le son aplicables aquellos impuestos que el r\u00e9gimen tributario espa\u00f1ol prev\u00e9 para estos casos. En el precio final del articulo expuesto, consta el Impuesto sobre el valor a\u00f1adido (IVA) implementado, en nuestro caso es el 21 %. Para m\u00e1s informaci\u00f3n\u00a0www.aeat.es<\/p><p>En caso de tasas de pago portuarias y\/o impuestos especiales como el IGIC se le informara previamente de la aplicaci\u00f3n de este impuesto para usuarios residentes en las Islas Canarias. En caso de m\u00e1s informaci\u00f3n sobre este impuesto\u00a0www.gobiernodecanarias.org\/tributos\/<\/p><p>Jurisdicci\u00f3n aplicable para casos de conflicto<\/p><p>En caso de cualquier conflicto para el cumplimiento de su pedido, Vd. puede acudir a los Juzgados y Tribunales de Madrid, que es el domicilio de la empresa. O aquel que por ley pudiera corresponderle.<\/p><p>Domicilio de la propiedad de la p\u00e1gina web a efecto de notificaciones.<\/p><p>Nuestra empresa est\u00e1 ubicada en:<\/p><p>www.wheelers.es<\/p><p><span style=\"font-style: inherit; font-weight: inherit;\">C\/ Alfonso XII, 41<\/span><\/p><p>28934 M\u00f3stoles (Madrid)<\/p>\t\t\t\t\t\t\t\t<\/div>\n\t\t\t\t<\/div>\n\t\t\t\t<\/div>\n\t\t\t\t\t<\/div>\n\t\t\t\t<\/div>\n\t\t\t\t<\/div>","protected":false},"excerpt":{"rendered":"<p>T\u00e9rminos y Condiciones Introducci\u00f3n Las presentes condiciones de contrataci\u00f3n, han sido redactadas teniendo en cuenta el RDL 1\/2007, de 16 [&hellip;]<\/p>\n","protected":false},"author":1,"featured_media":0,"parent":0,"menu_order":0,"comment_status":"closed","ping_status":"closed","template":"elementor_header_footer","meta":{"site-sidebar-layout":"default","site-content-layout":"","ast-site-content-layout":"default","site-content-style":"default","site-sidebar-style":"default","ast-global-header-display":"","ast-banner-title-visibility":"","ast-main-header-display":"","ast-hfb-above-header-display":"","ast-hfb-below-header-display":"","ast-hfb-mobile-header-display":"","site-post-title":"disabled","ast-breadcrumbs-content":"","ast-featured-img":"","footer-sml-layout":"","ast-disable-related-posts":"","theme-transparent-header-meta":"","adv-header-id-meta":"","stick-header-meta":"","header-above-stick-meta":"","header-main-stick-meta":"","header-below-stick-meta":"","astra-migrate-meta-layouts":"default","ast-page-background-enabled":"default","ast-page-background-meta":{"desktop":{"background-color":"var(--ast-global-color-5)","background-image":"","background-repeat":"repeat","background-position":"center center","background-size":"auto","background-attachment":"scroll","background-type":"","background-media":"","overlay-type":"","overlay-color":"","overlay-opacity":"","overlay-gradient":""},"tablet":{"background-color":"","background-image":"","background-repeat":"repeat","background-position":"center center","background-size":"auto","background-attachment":"scroll","background-type":"","background-media":"","overlay-type":"","overlay-color":"","overlay-opacity":"","overlay-gradient":""},"mobile":{"background-color":"","background-image":"","background-repeat":"repeat","background-position":"center center","background-size":"auto","background-attachment":"scroll","background-type":"","background-media":"","overlay-type":"","overlay-color":"","overlay-opacity":"","overlay-gradient":""}},"ast-content-background-meta":{"desktop":{"background-color":"var(--ast-global-color-4)","background-image":"","background-repeat":"repeat","background-position":"center center","background-size":"auto","background-attachment":"scroll","background-type":"","background-media":"","overlay-type":"","overlay-color":"","overlay-opacity":"","overlay-gradient":""},"tablet":{"background-color":"var(--ast-global-color-4)","background-image":"","background-repeat":"repeat","background-position":"center center","background-size":"auto","background-attachment":"scroll","background-type":"","background-media":"","overlay-type":"","overlay-color":"","overlay-opacity":"","overlay-gradient":""},"mobile":{"background-color":"var(--ast-global-color-4)","background-image":"","background-repeat":"repeat","background-position":"center center","background-size":"auto","background-attachment":"scroll","background-type":"","background-media":"","overlay-type":"","overlay-color":"","overlay-opacity":"","overlay-gradient":""}},"footnotes":""},"class_list":["post-941","page","type-page","status-publish","hentry"],"yoast_head":"<!-- This site is optimized with the Yoast SEO Premium plugin v24.4 (Yoast SEO v27.4) - https:\/\/yoast.com\/product\/yoast-seo-premium-wordpress\/ -->\n<title>T\u00e9rminos y Condiciones - Wheelers<\/title>\n<meta name=\"robots\" content=\"index, follow, max-snippet:-1, max-image-preview:large, max-video-preview:-1\" \/>\n<link rel=\"canonical\" href=\"https:\/\/www.wheelers.es\/en\/terminos-y-condiciones\/\" \/>\n<meta property=\"og:locale\" content=\"en_US\" \/>\n<meta property=\"og:type\" content=\"article\" \/>\n<meta property=\"og:title\" content=\"T\u00e9rminos y Condiciones\" \/>\n<meta property=\"og:description\" content=\"T\u00e9rminos y Condiciones Introducci\u00f3n Las presentes condiciones de contrataci\u00f3n, han sido redactadas teniendo en cuenta el RDL 1\/2007, de 16 [&hellip;]\" \/>\n<meta property=\"og:url\" content=\"https:\/\/www.wheelers.es\/en\/terminos-y-condiciones\/\" \/>\n<meta property=\"og:site_name\" content=\"Wheelers\" \/>\n<meta property=\"article:modified_time\" content=\"2025-10-30T12:33:07+00:00\" \/>\n<meta name=\"twitter:card\" content=\"summary_large_image\" \/>\n<meta name=\"twitter:label1\" content=\"Est. reading time\" \/>\n\t<meta name=\"twitter:data1\" content=\"10 minutes\" \/>\n<script type=\"application\/ld+json\" class=\"yoast-schema-graph\">{\"@context\":\"https:\\\/\\\/schema.org\",\"@graph\":[{\"@type\":\"WebPage\",\"@id\":\"https:\\\/\\\/www.wheelers.es\\\/terminos-y-condiciones\\\/\",\"url\":\"https:\\\/\\\/www.wheelers.es\\\/terminos-y-condiciones\\\/\",\"name\":\"T\u00e9rminos y Condiciones - Wheelers\",\"isPartOf\":{\"@id\":\"https:\\\/\\\/www.wheelers.es\\\/#website\"},\"datePublished\":\"2024-12-19T07:51:25+00:00\",\"dateModified\":\"2025-10-30T12:33:07+00:00\",\"breadcrumb\":{\"@id\":\"https:\\\/\\\/www.wheelers.es\\\/terminos-y-condiciones\\\/#breadcrumb\"},\"inLanguage\":\"en-US\",\"potentialAction\":[{\"@type\":\"ReadAction\",\"target\":[\"https:\\\/\\\/www.wheelers.es\\\/terminos-y-condiciones\\\/\"]}]},{\"@type\":\"BreadcrumbList\",\"@id\":\"https:\\\/\\\/www.wheelers.es\\\/terminos-y-condiciones\\\/#breadcrumb\",\"itemListElement\":[{\"@type\":\"ListItem\",\"position\":1,\"name\":\"Portada\",\"item\":\"https:\\\/\\\/www.wheelers.es\\\/\"},{\"@type\":\"ListItem\",\"position\":2,\"name\":\"T\u00e9rminos y Condiciones\"}]},{\"@type\":\"WebSite\",\"@id\":\"https:\\\/\\\/www.wheelers.es\\\/#website\",\"url\":\"https:\\\/\\\/www.wheelers.es\\\/\",\"name\":\"Wheelers\",\"description\":\"Gafas de sol para petrolheads\",\"publisher\":{\"@id\":\"https:\\\/\\\/www.wheelers.es\\\/#organization\"},\"potentialAction\":[{\"@type\":\"SearchAction\",\"target\":{\"@type\":\"EntryPoint\",\"urlTemplate\":\"https:\\\/\\\/www.wheelers.es\\\/?s={search_term_string}\"},\"query-input\":{\"@type\":\"PropertyValueSpecification\",\"valueRequired\":true,\"valueName\":\"search_term_string\"}}],\"inLanguage\":\"en-US\"},{\"@type\":\"Organization\",\"@id\":\"https:\\\/\\\/www.wheelers.es\\\/#organization\",\"name\":\"Wheelers\",\"url\":\"https:\\\/\\\/www.wheelers.es\\\/\",\"logo\":{\"@type\":\"ImageObject\",\"inLanguage\":\"en-US\",\"@id\":\"https:\\\/\\\/www.wheelers.es\\\/#\\\/schema\\\/logo\\\/image\\\/\",\"url\":\"https:\\\/\\\/www.wheelers.es\\\/wp-content\\\/uploads\\\/2025\\\/02\\\/cropped-cropped-logo-negro.png\",\"contentUrl\":\"https:\\\/\\\/www.wheelers.es\\\/wp-content\\\/uploads\\\/2025\\\/02\\\/cropped-cropped-logo-negro.png\",\"width\":512,\"height\":297,\"caption\":\"Wheelers\"},\"image\":{\"@id\":\"https:\\\/\\\/www.wheelers.es\\\/#\\\/schema\\\/logo\\\/image\\\/\"}}]}<\/script>\n<!-- \/ Yoast SEO Premium plugin. -->","yoast_head_json":{"title":"T\u00e9rminos y Condiciones - Wheelers","robots":{"index":"index","follow":"follow","max-snippet":"max-snippet:-1","max-image-preview":"max-image-preview:large","max-video-preview":"max-video-preview:-1"},"canonical":"https:\/\/www.wheelers.es\/en\/terminos-y-condiciones\/","og_locale":"en_US","og_type":"article","og_title":"T\u00e9rminos y Condiciones","og_description":"T\u00e9rminos y Condiciones Introducci\u00f3n Las presentes condiciones de contrataci\u00f3n, han sido redactadas teniendo en cuenta el RDL 1\/2007, de 16 [&hellip;]","og_url":"https:\/\/www.wheelers.es\/en\/terminos-y-condiciones\/","og_site_name":"Wheelers","article_modified_time":"2025-10-30T12:33:07+00:00","twitter_card":"summary_large_image","twitter_misc":{"Est. reading time":"10 minutes"},"schema":{"@context":"https:\/\/schema.org","@graph":[{"@type":"WebPage","@id":"https:\/\/www.wheelers.es\/terminos-y-condiciones\/","url":"https:\/\/www.wheelers.es\/terminos-y-condiciones\/","name":"T\u00e9rminos y Condiciones - Wheelers","isPartOf":{"@id":"https:\/\/www.wheelers.es\/#website"},"datePublished":"2024-12-19T07:51:25+00:00","dateModified":"2025-10-30T12:33:07+00:00","breadcrumb":{"@id":"https:\/\/www.wheelers.es\/terminos-y-condiciones\/#breadcrumb"},"inLanguage":"en-US","potentialAction":[{"@type":"ReadAction","target":["https:\/\/www.wheelers.es\/terminos-y-condiciones\/"]}]},{"@type":"BreadcrumbList","@id":"https:\/\/www.wheelers.es\/terminos-y-condiciones\/#breadcrumb","itemListElement":[{"@type":"ListItem","position":1,"name":"Portada","item":"https:\/\/www.wheelers.es\/"},{"@type":"ListItem","position":2,"name":"T\u00e9rminos y Condiciones"}]},{"@type":"WebSite","@id":"https:\/\/www.wheelers.es\/#website","url":"https:\/\/www.wheelers.es\/","name":"Wheelers","description":"Gafas de sol para petrolheads","publisher":{"@id":"https:\/\/www.wheelers.es\/#organization"},"potentialAction":[{"@type":"SearchAction","target":{"@type":"EntryPoint","urlTemplate":"https:\/\/www.wheelers.es\/?s={search_term_string}"},"query-input":{"@type":"PropertyValueSpecification","valueRequired":true,"valueName":"search_term_string"}}],"inLanguage":"en-US"},{"@type":"Organization","@id":"https:\/\/www.wheelers.es\/#organization","name":"Wheelers","url":"https:\/\/www.wheelers.es\/","logo":{"@type":"ImageObject","inLanguage":"en-US","@id":"https:\/\/www.wheelers.es\/#\/schema\/logo\/image\/","url":"https:\/\/www.wheelers.es\/wp-content\/uploads\/2025\/02\/cropped-cropped-logo-negro.png","contentUrl":"https:\/\/www.wheelers.es\/wp-content\/uploads\/2025\/02\/cropped-cropped-logo-negro.png","width":512,"height":297,"caption":"Wheelers"},"image":{"@id":"https:\/\/www.wheelers.es\/#\/schema\/logo\/image\/"}}]}},"_links":{"self":[{"href":"https:\/\/www.wheelers.es\/en\/wp-json\/wp\/v2\/pages\/941","targetHints":{"allow":["GET"]}}],"collection":[{"href":"https:\/\/www.wheelers.es\/en\/wp-json\/wp\/v2\/pages"}],"about":[{"href":"https:\/\/www.wheelers.es\/en\/wp-json\/wp\/v2\/types\/page"}],"author":[{"embeddable":true,"href":"https:\/\/www.wheelers.es\/en\/wp-json\/wp\/v2\/users\/1"}],"replies":[{"embeddable":true,"href":"https:\/\/www.wheelers.es\/en\/wp-json\/wp\/v2\/comments?post=941"}],"version-history":[{"count":9,"href":"https:\/\/www.wheelers.es\/en\/wp-json\/wp\/v2\/pages\/941\/revisions"}],"predecessor-version":[{"id":3606,"href":"https:\/\/www.wheelers.es\/en\/wp-json\/wp\/v2\/pages\/941\/revisions\/3606"}],"wp:attachment":[{"href":"https:\/\/www.wheelers.es\/en\/wp-json\/wp\/v2\/media?parent=941"}],"curies":[{"name":"wp","href":"https:\/\/api.w.org\/{rel}","templated":true}]}}