{"id":1931,"date":"2025-01-11T22:18:59","date_gmt":"2025-01-11T21:18:59","guid":{"rendered":"https:\/\/www.wheelers.es\/?post_type=product&#038;p=1931"},"modified":"2026-03-03T10:38:43","modified_gmt":"2026-03-03T09:38:43","slug":"gafas-sol-wheelers-silverstone","status":"publish","type":"product","link":"https:\/\/www.wheelers.es\/en\/product\/gafas-sol-wheelers-silverstone\/","title":{"rendered":"Silverstone"},"content":{"rendered":"<p>Silverstone \u2013 Precisi\u00f3n en cada trazada<\/p>\n<p>Montura efecto carbono con lentes grises polarizadas. Inserciones de goma gris en las varillas aseguran un ajuste firme y deportivo, pensado para quienes viven la pista sin concesiones.<\/p>\n<p>\u2714\ufe0f Modelo Unisex<br \/>\n\u2714\ufe0f Lentes polarizadas con tecnolog\u00eda \u201cASW\u201d resistentes al agua salada<br \/>\n\u2714\ufe0f Montura de policarbonato libre de BPA, ligera y segura<br \/>\n\u2714\ufe0f Protecci\u00f3n UV400 \u2013 Categor\u00eda 3<\/p>\n<p>Medidas: Frontal 141,6 mm | Alto 41,8 mm | Lente 53 mm | Patilla 133,7 mm | Puente 18 mm<\/p>\n<p>Incluye funda de microfibra y caja personalizada.<\/p>","protected":false},"excerpt":{"rendered":"<p>Gafas de sol color carbono con lentes grises polarizadas.<\/p>","protected":false},"featured_media":3139,"comment_status":"open","ping_status":"closed","template":"","meta":{"site-sidebar-layout":"default","site-content-layout":"","ast-site-content-layout":"default","site-content-style":"default","site-sidebar-style":"default","ast-global-header-display":"","ast-banner-title-visibility":"","ast-main-header-display":"","ast-hfb-above-header-display":"","ast-hfb-below-header-display":"","ast-hfb-mobile-header-display":"","site-post-title":"","ast-breadcrumbs-content":"","ast-featured-img":"","footer-sml-layout":"","ast-disable-related-posts":"","theme-transparent-header-meta":"default","adv-header-id-meta":"","stick-header-meta":"","header-above-stick-meta":"","header-main-stick-meta":"","header-below-stick-meta":"","astra-migrate-meta-layouts":"set","ast-page-background-enabled":"default","ast-page-background-meta":{"desktop":{"background-color":"var(--ast-global-color-5)","background-image":"","background-repeat":"repeat","background-position":"center center","background-size":"auto","background-attachment":"scroll","background-type":"","background-media":"","overlay-type":"","overlay-color":"","overlay-opacity":"","overlay-gradient":""},"tablet":{"background-color":"","background-image":"","background-repeat":"repeat","background-position":"center center","background-size":"auto","background-attachment":"scroll","background-type":"","background-media":"","overlay-type":"","overlay-color":"","overlay-opacity":"","overlay-gradient":""},"mobile":{"background-color":"","background-image":"","background-repeat":"repeat","background-position":"center center","background-size":"auto","background-attachment":"scroll","background-type":"","background-media":"","overlay-type":"","overlay-color":"","overlay-opacity":"","overlay-gradient":""}},"ast-content-background-meta":{"desktop":{"background-color":"var(--ast-global-color-4)","background-image":"","background-repeat":"repeat","background-position":"center center","background-size":"auto","background-attachment":"scroll","background-type":"","background-media":"","overlay-type":"","overlay-color":"","overlay-opacity":"","overlay-gradient":""},"tablet":{"background-color":"var(--ast-global-color-4)","background-image":"","background-repeat":"repeat","background-position":"center center","background-size":"auto","background-attachment":"scroll","background-type":"","background-media":"","overlay-type":"","overlay-color":"","overlay-opacity":"","overlay-gradient":""},"mobile":{"background-color":"var(--ast-global-color-4)","background-image":"","background-repeat":"repeat","background-position":"center center","background-size":"auto","background-attachment":"scroll","background-type":"","background-media":"","overlay-type":"","overlay-color":"","overlay-opacity":"","overlay-gradient":""}}},"product_brand":[],"product_cat":[58,15,50],"product_tag":[163,52,72,115,164,153,118,57,123,155,141,137],"class_list":{"0":"post-1931","1":"product","2":"type-product","3":"status-publish","4":"has-post-thumbnail","6":"product_cat-gafas-de-sol","7":"product_cat-gafas-de-sol-hombre","8":"product_cat-gafas-de-sol-mujer","9":"product_tag-eyewear","10":"product_tag-gafas","11":"product_tag-gafas-de-sol","12":"product_tag-jarama","13":"product_tag-nurburgring","14":"product_tag-optica","15":"product_tag-petrolhead","16":"product_tag-polarizadas","17":"product_tag-silverstone","18":"product_tag-speed","19":"product_tag-unisex","20":"product_tag-uv400","21":"desktop-align-left","22":"tablet-align-left","23":"mobile-align-left","25":"first","26":"instock","27":"taxable","28":"shipping-taxable","29":"purchasable","30":"product-type-simple"},"yoast_head":"<!-- This site is optimized with the Yoast SEO Premium plugin v24.4 (Yoast SEO v27.4) - https:\/\/yoast.com\/product\/yoast-seo-premium-wordpress\/ -->\n<title>Gafas de Sol Wheelers Silverstone- Estilo y Protecci\u00f3n Premium<\/title>\n<meta name=\"description\" content=\"Descubre las gafas de sol Wheelers Silverstone: dise\u00f1o moderno, lentes de alta calidad y m\u00e1xima protecci\u00f3n UV. \u00a1Perfectas para cualquier ocasi\u00f3n!\" \/>\n<meta name=\"robots\" content=\"index, follow, max-snippet:-1, max-image-preview:large, max-video-preview:-1\" \/>\n<link rel=\"canonical\" href=\"https:\/\/www.wheelers.es\/en\/product\/gafas-sol-wheelers-silverstone\/\" \/>\n<meta property=\"og:locale\" content=\"en_US\" \/>\n<meta property=\"og:type\" content=\"article\" \/>\n<meta property=\"og:title\" content=\"Silverstone\" \/>\n<meta property=\"og:description\" content=\"Descubre las gafas de sol Wheelers Silverstone: dise\u00f1o moderno, lentes de alta calidad y m\u00e1xima protecci\u00f3n UV. \u00a1Perfectas para cualquier ocasi\u00f3n!\" \/>\n<meta property=\"og:url\" content=\"https:\/\/www.wheelers.es\/en\/product\/gafas-sol-wheelers-silverstone\/\" \/>\n<meta property=\"og:site_name\" content=\"Wheelers\" \/>\n<meta property=\"article:modified_time\" content=\"2026-03-03T09:38:43+00:00\" \/>\n<meta property=\"og:image\" content=\"https:\/\/www.wheelers.es\/wp-content\/uploads\/2025\/01\/WHEELERS-SILVERSTONE-C74_1.jpg\" \/>\n\t<meta property=\"og:image:width\" content=\"800\" \/>\n\t<meta property=\"og:image:height\" content=\"800\" \/>\n\t<meta property=\"og:image:type\" content=\"image\/jpeg\" \/>\n<meta name=\"twitter:card\" content=\"summary_large_image\" \/>\n<meta name=\"twitter:label1\" content=\"Est. reading time\" \/>\n\t<meta name=\"twitter:data1\" content=\"1 minute\" \/>\n<script type=\"application\/ld+json\" class=\"yoast-schema-graph\">{\"@context\":\"https:\\\/\\\/schema.org\",\"@graph\":[{\"@type\":\"WebPage\",\"@id\":\"https:\\\/\\\/www.wheelers.es\\\/product\\\/gafas-sol-wheelers-silverstone\\\/\",\"url\":\"https:\\\/\\\/www.wheelers.es\\\/product\\\/gafas-sol-wheelers-silverstone\\\/\",\"name\":\"Gafas de Sol Wheelers Silverstone- Estilo y Protecci\u00f3n Premium\",\"isPartOf\":{\"@id\":\"https:\\\/\\\/www.wheelers.es\\\/#website\"},\"primaryImageOfPage\":{\"@id\":\"https:\\\/\\\/www.wheelers.es\\\/product\\\/gafas-sol-wheelers-silverstone\\\/#primaryimage\"},\"image\":{\"@id\":\"https:\\\/\\\/www.wheelers.es\\\/product\\\/gafas-sol-wheelers-silverstone\\\/#primaryimage\"},\"thumbnailUrl\":\"https:\\\/\\\/www.wheelers.es\\\/wp-content\\\/uploads\\\/2025\\\/01\\\/WHEELERS-SILVERSTONE-C74_1.jpg\",\"datePublished\":\"2025-01-11T21:18:59+00:00\",\"dateModified\":\"2026-03-03T09:38:43+00:00\",\"description\":\"Descubre las gafas de sol Wheelers Silverstone: dise\u00f1o moderno, lentes de alta calidad y m\u00e1xima protecci\u00f3n UV. \u00a1Perfectas para cualquier ocasi\u00f3n!\",\"breadcrumb\":{\"@id\":\"https:\\\/\\\/www.wheelers.es\\\/product\\\/gafas-sol-wheelers-silverstone\\\/#breadcrumb\"},\"inLanguage\":\"en-US\",\"potentialAction\":[{\"@type\":\"ReadAction\",\"target\":[\"https:\\\/\\\/www.wheelers.es\\\/product\\\/gafas-sol-wheelers-silverstone\\\/\"]}]},{\"@type\":\"ImageObject\",\"inLanguage\":\"en-US\",\"@id\":\"https:\\\/\\\/www.wheelers.es\\\/product\\\/gafas-sol-wheelers-silverstone\\\/#primaryimage\",\"url\":\"https:\\\/\\\/www.wheelers.es\\\/wp-content\\\/uploads\\\/2025\\\/01\\\/WHEELERS-SILVERSTONE-C74_1.jpg\",\"contentUrl\":\"https:\\\/\\\/www.wheelers.es\\\/wp-content\\\/uploads\\\/2025\\\/01\\\/WHEELERS-SILVERSTONE-C74_1.jpg\",\"width\":800,\"height\":800,\"caption\":\"WHEELERS SILVERSTONE C74_1\"},{\"@type\":\"BreadcrumbList\",\"@id\":\"https:\\\/\\\/www.wheelers.es\\\/product\\\/gafas-sol-wheelers-silverstone\\\/#breadcrumb\",\"itemListElement\":[{\"@type\":\"ListItem\",\"position\":1,\"name\":\"Portada\",\"item\":\"https:\\\/\\\/www.wheelers.es\\\/\"},{\"@type\":\"ListItem\",\"position\":2,\"name\":\"Productos\",\"item\":\"https:\\\/\\\/www.wheelers.es\\\/tienda\\\/\"},{\"@type\":\"ListItem\",\"position\":3,\"name\":\"Silverstone\"}]},{\"@type\":\"WebSite\",\"@id\":\"https:\\\/\\\/www.wheelers.es\\\/#website\",\"url\":\"https:\\\/\\\/www.wheelers.es\\\/\",\"name\":\"Wheelers\",\"description\":\"Gafas de sol para petrolheads\",\"publisher\":{\"@id\":\"https:\\\/\\\/www.wheelers.es\\\/#organization\"},\"potentialAction\":[{\"@type\":\"SearchAction\",\"target\":{\"@type\":\"EntryPoint\",\"urlTemplate\":\"https:\\\/\\\/www.wheelers.es\\\/?s={search_term_string}\"},\"query-input\":{\"@type\":\"PropertyValueSpecification\",\"valueRequired\":true,\"valueName\":\"search_term_string\"}}],\"inLanguage\":\"en-US\"},{\"@type\":\"Organization\",\"@id\":\"https:\\\/\\\/www.wheelers.es\\\/#organization\",\"name\":\"Wheelers\",\"url\":\"https:\\\/\\\/www.wheelers.es\\\/\",\"logo\":{\"@type\":\"ImageObject\",\"inLanguage\":\"en-US\",\"@id\":\"https:\\\/\\\/www.wheelers.es\\\/#\\\/schema\\\/logo\\\/image\\\/\",\"url\":\"https:\\\/\\\/www.wheelers.es\\\/wp-content\\\/uploads\\\/2025\\\/02\\\/cropped-cropped-logo-negro.png\",\"contentUrl\":\"https:\\\/\\\/www.wheelers.es\\\/wp-content\\\/uploads\\\/2025\\\/02\\\/cropped-cropped-logo-negro.png\",\"width\":512,\"height\":297,\"caption\":\"Wheelers\"},\"image\":{\"@id\":\"https:\\\/\\\/www.wheelers.es\\\/#\\\/schema\\\/logo\\\/image\\\/\"}}]}<\/script>\n<!-- \/ Yoast SEO Premium plugin. -->","yoast_head_json":{"title":"Gafas de Sol Wheelers Silverstone- Estilo y Protecci\u00f3n Premium","description":"Descubre las gafas de sol Wheelers Silverstone: dise\u00f1o moderno, lentes de alta calidad y m\u00e1xima protecci\u00f3n UV. \u00a1Perfectas para cualquier ocasi\u00f3n!","robots":{"index":"index","follow":"follow","max-snippet":"max-snippet:-1","max-image-preview":"max-image-preview:large","max-video-preview":"max-video-preview:-1"},"canonical":"https:\/\/www.wheelers.es\/en\/product\/gafas-sol-wheelers-silverstone\/","og_locale":"en_US","og_type":"article","og_title":"Silverstone","og_description":"Descubre las gafas de sol Wheelers Silverstone: dise\u00f1o moderno, lentes de alta calidad y m\u00e1xima protecci\u00f3n UV. \u00a1Perfectas para cualquier ocasi\u00f3n!","og_url":"https:\/\/www.wheelers.es\/en\/product\/gafas-sol-wheelers-silverstone\/","og_site_name":"Wheelers","article_modified_time":"2026-03-03T09:38:43+00:00","og_image":[{"width":800,"height":800,"url":"https:\/\/www.wheelers.es\/wp-content\/uploads\/2025\/01\/WHEELERS-SILVERSTONE-C74_1.jpg","type":"image\/jpeg"}],"twitter_card":"summary_large_image","twitter_misc":{"Est. reading time":"1 minute"},"schema":{"@context":"https:\/\/schema.org","@graph":[{"@type":"WebPage","@id":"https:\/\/www.wheelers.es\/product\/gafas-sol-wheelers-silverstone\/","url":"https:\/\/www.wheelers.es\/product\/gafas-sol-wheelers-silverstone\/","name":"Gafas de Sol Wheelers Silverstone- Estilo y Protecci\u00f3n Premium","isPartOf":{"@id":"https:\/\/www.wheelers.es\/#website"},"primaryImageOfPage":{"@id":"https:\/\/www.wheelers.es\/product\/gafas-sol-wheelers-silverstone\/#primaryimage"},"image":{"@id":"https:\/\/www.wheelers.es\/product\/gafas-sol-wheelers-silverstone\/#primaryimage"},"thumbnailUrl":"https:\/\/www.wheelers.es\/wp-content\/uploads\/2025\/01\/WHEELERS-SILVERSTONE-C74_1.jpg","datePublished":"2025-01-11T21:18:59+00:00","dateModified":"2026-03-03T09:38:43+00:00","description":"Descubre las gafas de sol Wheelers Silverstone: dise\u00f1o moderno, lentes de alta calidad y m\u00e1xima protecci\u00f3n UV. \u00a1Perfectas para cualquier ocasi\u00f3n!","breadcrumb":{"@id":"https:\/\/www.wheelers.es\/product\/gafas-sol-wheelers-silverstone\/#breadcrumb"},"inLanguage":"en-US","potentialAction":[{"@type":"ReadAction","target":["https:\/\/www.wheelers.es\/product\/gafas-sol-wheelers-silverstone\/"]}]},{"@type":"ImageObject","inLanguage":"en-US","@id":"https:\/\/www.wheelers.es\/product\/gafas-sol-wheelers-silverstone\/#primaryimage","url":"https:\/\/www.wheelers.es\/wp-content\/uploads\/2025\/01\/WHEELERS-SILVERSTONE-C74_1.jpg","contentUrl":"https:\/\/www.wheelers.es\/wp-content\/uploads\/2025\/01\/WHEELERS-SILVERSTONE-C74_1.jpg","width":800,"height":800,"caption":"WHEELERS SILVERSTONE C74_1"},{"@type":"BreadcrumbList","@id":"https:\/\/www.wheelers.es\/product\/gafas-sol-wheelers-silverstone\/#breadcrumb","itemListElement":[{"@type":"ListItem","position":1,"name":"Portada","item":"https:\/\/www.wheelers.es\/"},{"@type":"ListItem","position":2,"name":"Productos","item":"https:\/\/www.wheelers.es\/tienda\/"},{"@type":"ListItem","position":3,"name":"Silverstone"}]},{"@type":"WebSite","@id":"https:\/\/www.wheelers.es\/#website","url":"https:\/\/www.wheelers.es\/","name":"Wheelers","description":"Gafas de sol para petrolheads","publisher":{"@id":"https:\/\/www.wheelers.es\/#organization"},"potentialAction":[{"@type":"SearchAction","target":{"@type":"EntryPoint","urlTemplate":"https:\/\/www.wheelers.es\/?s={search_term_string}"},"query-input":{"@type":"PropertyValueSpecification","valueRequired":true,"valueName":"search_term_string"}}],"inLanguage":"en-US"},{"@type":"Organization","@id":"https:\/\/www.wheelers.es\/#organization","name":"Wheelers","url":"https:\/\/www.wheelers.es\/","logo":{"@type":"ImageObject","inLanguage":"en-US","@id":"https:\/\/www.wheelers.es\/#\/schema\/logo\/image\/","url":"https:\/\/www.wheelers.es\/wp-content\/uploads\/2025\/02\/cropped-cropped-logo-negro.png","contentUrl":"https:\/\/www.wheelers.es\/wp-content\/uploads\/2025\/02\/cropped-cropped-logo-negro.png","width":512,"height":297,"caption":"Wheelers"},"image":{"@id":"https:\/\/www.wheelers.es\/#\/schema\/logo\/image\/"}}]}},"_links":{"self":[{"href":"https:\/\/www.wheelers.es\/en\/wp-json\/wp\/v2\/product\/1931","targetHints":{"allow":["GET"]}}],"collection":[{"href":"https:\/\/www.wheelers.es\/en\/wp-json\/wp\/v2\/product"}],"about":[{"href":"https:\/\/www.wheelers.es\/en\/wp-json\/wp\/v2\/types\/product"}],"replies":[{"embeddable":true,"href":"https:\/\/www.wheelers.es\/en\/wp-json\/wp\/v2\/comments?post=1931"}],"wp:featuredmedia":[{"embeddable":true,"href":"https:\/\/www.wheelers.es\/en\/wp-json\/wp\/v2\/media\/3139"}],"wp:attachment":[{"href":"https:\/\/www.wheelers.es\/en\/wp-json\/wp\/v2\/media?parent=1931"}],"wp:term":[{"taxonomy":"product_brand","embeddable":true,"href":"https:\/\/www.wheelers.es\/en\/wp-json\/wp\/v2\/product_brand?post=1931"},{"taxonomy":"product_cat","embeddable":true,"href":"https:\/\/www.wheelers.es\/en\/wp-json\/wp\/v2\/product_cat?post=1931"},{"taxonomy":"product_tag","embeddable":true,"href":"https:\/\/www.wheelers.es\/en\/wp-json\/wp\/v2\/product_tag?post=1931"}],"curies":[{"name":"wp","href":"https:\/\/api.w.org\/{rel}","templated":true}]}}