{"id":3188,"date":"2025-04-10T12:18:55","date_gmt":"2025-04-10T11:18:55","guid":{"rendered":"https:\/\/www.wheelers.es\/?post_type=product&#038;p=3188"},"modified":"2026-03-03T10:38:37","modified_gmt":"2026-03-03T09:38:37","slug":"gafas-sol-wheelers-cheste","status":"publish","type":"product","link":"https:\/\/www.wheelers.es\/en\/product\/gafas-sol-wheelers-cheste\/","title":{"rendered":"Cheste"},"content":{"rendered":"<h3 class=\"my-2 [&amp;+p]:mt-4 [&amp;_strong:has(+br)]:inline-block [&amp;_strong:has(+br)]:pb-2\"><strong>Cheste \u2013 Esp\u00edritu racing en cada curva<\/strong><\/h3>\n<p>&nbsp;<\/p>\n<p class=\"my-2 [&amp;+p]:mt-4 [&amp;_strong:has(+br)]:inline-block [&amp;_strong:has(+br)]:pb-2\">Las Cheste son el reflejo de la pasi\u00f3n por la velocidad y la precisi\u00f3n. Con su montura en blanco puro y lentes marrones polarizadas con un vibrante efecto espejado azul, estas gafas transmiten ese esp\u00edritu racing que acompa\u00f1a a cada curva en la pista. Las inserciones de goma azul en el interior de las varillas garantizan un ajuste firme y c\u00f3modo, ideales para quienes buscan un estilo deportivo sin perder la elegancia.<\/p>\n<p class=\"my-2 [&amp;+p]:mt-4 [&amp;_strong:has(+br)]:inline-block [&amp;_strong:has(+br)]:pb-2\">\u2714\ufe0f <strong>Unisex<\/strong> \u2013 dise\u00f1adas para pilotos urbanos y amantes del motor sin distinciones.<br \/>\n\u2714\ufe0f <strong>Lentes polarizadas con tecnolog\u00eda \u201cASW\u201d<\/strong>, resistentes al agua salada, perfectas tanto para d\u00edas soleados en la ciudad como escapadas junto al mar.<br \/>\n\u2714\ufe0f <strong>Montura de policarbonato libre de BPA<\/strong>, ligera, resistente y respetuosa con el medio ambiente.<br \/>\n\u2714\ufe0f <strong>Protecci\u00f3n UV400 \u2013 Categor\u00eda 3<\/strong>, bloqueando al 100% los rayos UVA y UVB para una visi\u00f3n clara y protegida bajo cualquier luz.<\/p>\n<p class=\"my-2 [&amp;+p]:mt-4 [&amp;_strong:has(+br)]:inline-block [&amp;_strong:has(+br)]:pb-2\">Medidas:<br \/>\nFrontal: 141,6 mm | Alto: 41,8 mm | Di\u00e1metro de lente: 53 mm | Patilla: 133,7 mm | Puente: 18 mm<\/p>\n<p class=\"my-2 [&amp;+p]:mt-4 [&amp;_strong:has(+br)]:inline-block [&amp;_strong:has(+br)]:pb-2\">Cada par de Cheste incluye una funda de microfibra y una caja personalizada. M\u00e1s que unas gafas de sol, son el compa\u00f1ero ideal para quienes sienten el motor en la piel y el asfalto en el alma.<\/p>\n","protected":false},"excerpt":{"rendered":"<p>Gafas de sol color blanco con lentes marrones polarizadas y espejado exterior azul.<\/p>","protected":false},"featured_media":3513,"comment_status":"open","ping_status":"closed","template":"","meta":{"site-sidebar-layout":"default","site-content-layout":"","ast-site-content-layout":"default","site-content-style":"default","site-sidebar-style":"default","ast-global-header-display":"","ast-banner-title-visibility":"","ast-main-header-display":"","ast-hfb-above-header-display":"","ast-hfb-below-header-display":"","ast-hfb-mobile-header-display":"","site-post-title":"","ast-breadcrumbs-content":"","ast-featured-img":"","footer-sml-layout":"","ast-disable-related-posts":"","theme-transparent-header-meta":"default","adv-header-id-meta":"","stick-header-meta":"","header-above-stick-meta":"","header-main-stick-meta":"","header-below-stick-meta":"","astra-migrate-meta-layouts":"set","ast-page-background-enabled":"default","ast-page-background-meta":{"desktop":{"background-color":"var(--ast-global-color-5)","background-image":"","background-repeat":"repeat","background-position":"center center","background-size":"auto","background-attachment":"scroll","background-type":"","background-media":"","overlay-type":"","overlay-color":"","overlay-opacity":"","overlay-gradient":""},"tablet":{"background-color":"","background-image":"","background-repeat":"repeat","background-position":"center center","background-size":"auto","background-attachment":"scroll","background-type":"","background-media":"","overlay-type":"","overlay-color":"","overlay-opacity":"","overlay-gradient":""},"mobile":{"background-color":"","background-image":"","background-repeat":"repeat","background-position":"center center","background-size":"auto","background-attachment":"scroll","background-type":"","background-media":"","overlay-type":"","overlay-color":"","overlay-opacity":"","overlay-gradient":""}},"ast-content-background-meta":{"desktop":{"background-color":"var(--ast-global-color-4)","background-image":"","background-repeat":"repeat","background-position":"center center","background-size":"auto","background-attachment":"scroll","background-type":"","background-media":"","overlay-type":"","overlay-color":"","overlay-opacity":"","overlay-gradient":""},"tablet":{"background-color":"var(--ast-global-color-4)","background-image":"","background-repeat":"repeat","background-position":"center center","background-size":"auto","background-attachment":"scroll","background-type":"","background-media":"","overlay-type":"","overlay-color":"","overlay-opacity":"","overlay-gradient":""},"mobile":{"background-color":"var(--ast-global-color-4)","background-image":"","background-repeat":"repeat","background-position":"center center","background-size":"auto","background-attachment":"scroll","background-type":"","background-media":"","overlay-type":"","overlay-color":"","overlay-opacity":"","overlay-gradient":""}}},"product_brand":[206],"product_cat":[58,15,50],"product_tag":[219,52,72,144,118,57,145,143,123,141],"class_list":{"0":"post-3188","1":"product","2":"type-product","3":"status-publish","4":"has-post-thumbnail","6":"product_brand-wheelers","7":"product_cat-gafas-de-sol","8":"product_cat-gafas-de-sol-hombre","9":"product_cat-gafas-de-sol-mujer","10":"product_tag-cheste","11":"product_tag-gafas","12":"product_tag-gafas-de-sol","13":"product_tag-gafas-sin-reflejos","14":"product_tag-petrolhead","15":"product_tag-polarizadas","16":"product_tag-racing-lifestyle","17":"product_tag-reflejos","18":"product_tag-silverstone","19":"product_tag-unisex","20":"desktop-align-left","21":"tablet-align-left","22":"mobile-align-left","24":"first","25":"instock","26":"taxable","27":"shipping-taxable","28":"purchasable","29":"product-type-simple"},"yoast_head":"<!-- This site is optimized with the Yoast SEO Premium plugin v24.4 (Yoast SEO v27.4) - https:\/\/yoast.com\/product\/yoast-seo-premium-wordpress\/ -->\n<title>Gafas de Sol Wheelers Cheste - Estilo y Protecci\u00f3n Premium<\/title>\n<meta name=\"description\" content=\"Descubre las gafas de sol Wheelers Cheste: dise\u00f1o moderno, lentes de alta calidad y m\u00e1xima protecci\u00f3n UV. \u00a1Perfectas para cualquier ocasi\u00f3n!\" \/>\n<meta name=\"robots\" content=\"index, follow, max-snippet:-1, max-image-preview:large, max-video-preview:-1\" \/>\n<link rel=\"canonical\" href=\"https:\/\/www.wheelers.es\/en\/product\/gafas-sol-wheelers-cheste\/\" \/>\n<meta property=\"og:locale\" content=\"en_US\" \/>\n<meta property=\"og:type\" content=\"article\" \/>\n<meta property=\"og:title\" content=\"Cheste\" \/>\n<meta property=\"og:description\" content=\"Descubre las gafas de sol Wheelers Cheste: dise\u00f1o moderno, lentes de alta calidad y m\u00e1xima protecci\u00f3n UV. \u00a1Perfectas para cualquier ocasi\u00f3n!\" \/>\n<meta property=\"og:url\" content=\"https:\/\/www.wheelers.es\/en\/product\/gafas-sol-wheelers-cheste\/\" \/>\n<meta property=\"og:site_name\" content=\"Wheelers\" \/>\n<meta property=\"article:modified_time\" content=\"2026-03-03T09:38:37+00:00\" \/>\n<meta property=\"og:image\" content=\"https:\/\/www.wheelers.es\/wp-content\/uploads\/2025\/04\/WHEELERS-CHESTE-C19_IA1.jpg\" \/>\n\t<meta property=\"og:image:width\" content=\"800\" \/>\n\t<meta property=\"og:image:height\" content=\"800\" \/>\n\t<meta property=\"og:image:type\" content=\"image\/jpeg\" \/>\n<meta name=\"twitter:card\" content=\"summary_large_image\" \/>\n<meta name=\"twitter:label1\" content=\"Est. reading time\" \/>\n\t<meta name=\"twitter:data1\" content=\"2 minutes\" \/>\n<script type=\"application\/ld+json\" class=\"yoast-schema-graph\">{\"@context\":\"https:\\\/\\\/schema.org\",\"@graph\":[{\"@type\":\"WebPage\",\"@id\":\"https:\\\/\\\/www.wheelers.es\\\/product\\\/gafas-sol-wheelers-cheste\\\/\",\"url\":\"https:\\\/\\\/www.wheelers.es\\\/product\\\/gafas-sol-wheelers-cheste\\\/\",\"name\":\"Gafas de Sol Wheelers Cheste - Estilo y Protecci\u00f3n Premium\",\"isPartOf\":{\"@id\":\"https:\\\/\\\/www.wheelers.es\\\/#website\"},\"primaryImageOfPage\":{\"@id\":\"https:\\\/\\\/www.wheelers.es\\\/product\\\/gafas-sol-wheelers-cheste\\\/#primaryimage\"},\"image\":{\"@id\":\"https:\\\/\\\/www.wheelers.es\\\/product\\\/gafas-sol-wheelers-cheste\\\/#primaryimage\"},\"thumbnailUrl\":\"https:\\\/\\\/www.wheelers.es\\\/wp-content\\\/uploads\\\/2025\\\/04\\\/WHEELERS-CHESTE-C19_IA1.jpg\",\"datePublished\":\"2025-04-10T11:18:55+00:00\",\"dateModified\":\"2026-03-03T09:38:37+00:00\",\"description\":\"Descubre las gafas de sol Wheelers Cheste: dise\u00f1o moderno, lentes de alta calidad y m\u00e1xima protecci\u00f3n UV. \u00a1Perfectas para cualquier ocasi\u00f3n!\",\"breadcrumb\":{\"@id\":\"https:\\\/\\\/www.wheelers.es\\\/product\\\/gafas-sol-wheelers-cheste\\\/#breadcrumb\"},\"inLanguage\":\"en-US\",\"potentialAction\":[{\"@type\":\"ReadAction\",\"target\":[\"https:\\\/\\\/www.wheelers.es\\\/product\\\/gafas-sol-wheelers-cheste\\\/\"]}]},{\"@type\":\"ImageObject\",\"inLanguage\":\"en-US\",\"@id\":\"https:\\\/\\\/www.wheelers.es\\\/product\\\/gafas-sol-wheelers-cheste\\\/#primaryimage\",\"url\":\"https:\\\/\\\/www.wheelers.es\\\/wp-content\\\/uploads\\\/2025\\\/04\\\/WHEELERS-CHESTE-C19_IA1.jpg\",\"contentUrl\":\"https:\\\/\\\/www.wheelers.es\\\/wp-content\\\/uploads\\\/2025\\\/04\\\/WHEELERS-CHESTE-C19_IA1.jpg\",\"width\":800,\"height\":800,\"caption\":\"WHEELERS CHESTE C19_IA1\"},{\"@type\":\"BreadcrumbList\",\"@id\":\"https:\\\/\\\/www.wheelers.es\\\/product\\\/gafas-sol-wheelers-cheste\\\/#breadcrumb\",\"itemListElement\":[{\"@type\":\"ListItem\",\"position\":1,\"name\":\"Portada\",\"item\":\"https:\\\/\\\/www.wheelers.es\\\/\"},{\"@type\":\"ListItem\",\"position\":2,\"name\":\"Productos\",\"item\":\"https:\\\/\\\/www.wheelers.es\\\/tienda\\\/\"},{\"@type\":\"ListItem\",\"position\":3,\"name\":\"Cheste\"}]},{\"@type\":\"WebSite\",\"@id\":\"https:\\\/\\\/www.wheelers.es\\\/#website\",\"url\":\"https:\\\/\\\/www.wheelers.es\\\/\",\"name\":\"Wheelers\",\"description\":\"Gafas de sol para petrolheads\",\"publisher\":{\"@id\":\"https:\\\/\\\/www.wheelers.es\\\/#organization\"},\"potentialAction\":[{\"@type\":\"SearchAction\",\"target\":{\"@type\":\"EntryPoint\",\"urlTemplate\":\"https:\\\/\\\/www.wheelers.es\\\/?s={search_term_string}\"},\"query-input\":{\"@type\":\"PropertyValueSpecification\",\"valueRequired\":true,\"valueName\":\"search_term_string\"}}],\"inLanguage\":\"en-US\"},{\"@type\":\"Organization\",\"@id\":\"https:\\\/\\\/www.wheelers.es\\\/#organization\",\"name\":\"Wheelers\",\"url\":\"https:\\\/\\\/www.wheelers.es\\\/\",\"logo\":{\"@type\":\"ImageObject\",\"inLanguage\":\"en-US\",\"@id\":\"https:\\\/\\\/www.wheelers.es\\\/#\\\/schema\\\/logo\\\/image\\\/\",\"url\":\"https:\\\/\\\/www.wheelers.es\\\/wp-content\\\/uploads\\\/2025\\\/02\\\/cropped-cropped-logo-negro.png\",\"contentUrl\":\"https:\\\/\\\/www.wheelers.es\\\/wp-content\\\/uploads\\\/2025\\\/02\\\/cropped-cropped-logo-negro.png\",\"width\":512,\"height\":297,\"caption\":\"Wheelers\"},\"image\":{\"@id\":\"https:\\\/\\\/www.wheelers.es\\\/#\\\/schema\\\/logo\\\/image\\\/\"}}]}<\/script>\n<!-- \/ Yoast SEO Premium plugin. -->","yoast_head_json":{"title":"Gafas de Sol Wheelers Cheste - Estilo y Protecci\u00f3n Premium","description":"Descubre las gafas de sol Wheelers Cheste: dise\u00f1o moderno, lentes de alta calidad y m\u00e1xima protecci\u00f3n UV. \u00a1Perfectas para cualquier ocasi\u00f3n!","robots":{"index":"index","follow":"follow","max-snippet":"max-snippet:-1","max-image-preview":"max-image-preview:large","max-video-preview":"max-video-preview:-1"},"canonical":"https:\/\/www.wheelers.es\/en\/product\/gafas-sol-wheelers-cheste\/","og_locale":"en_US","og_type":"article","og_title":"Cheste","og_description":"Descubre las gafas de sol Wheelers Cheste: dise\u00f1o moderno, lentes de alta calidad y m\u00e1xima protecci\u00f3n UV. \u00a1Perfectas para cualquier ocasi\u00f3n!","og_url":"https:\/\/www.wheelers.es\/en\/product\/gafas-sol-wheelers-cheste\/","og_site_name":"Wheelers","article_modified_time":"2026-03-03T09:38:37+00:00","og_image":[{"width":800,"height":800,"url":"https:\/\/www.wheelers.es\/wp-content\/uploads\/2025\/04\/WHEELERS-CHESTE-C19_IA1.jpg","type":"image\/jpeg"}],"twitter_card":"summary_large_image","twitter_misc":{"Est. reading time":"2 minutes"},"schema":{"@context":"https:\/\/schema.org","@graph":[{"@type":"WebPage","@id":"https:\/\/www.wheelers.es\/product\/gafas-sol-wheelers-cheste\/","url":"https:\/\/www.wheelers.es\/product\/gafas-sol-wheelers-cheste\/","name":"Gafas de Sol Wheelers Cheste - Estilo y Protecci\u00f3n Premium","isPartOf":{"@id":"https:\/\/www.wheelers.es\/#website"},"primaryImageOfPage":{"@id":"https:\/\/www.wheelers.es\/product\/gafas-sol-wheelers-cheste\/#primaryimage"},"image":{"@id":"https:\/\/www.wheelers.es\/product\/gafas-sol-wheelers-cheste\/#primaryimage"},"thumbnailUrl":"https:\/\/www.wheelers.es\/wp-content\/uploads\/2025\/04\/WHEELERS-CHESTE-C19_IA1.jpg","datePublished":"2025-04-10T11:18:55+00:00","dateModified":"2026-03-03T09:38:37+00:00","description":"Descubre las gafas de sol Wheelers Cheste: dise\u00f1o moderno, lentes de alta calidad y m\u00e1xima protecci\u00f3n UV. \u00a1Perfectas para cualquier ocasi\u00f3n!","breadcrumb":{"@id":"https:\/\/www.wheelers.es\/product\/gafas-sol-wheelers-cheste\/#breadcrumb"},"inLanguage":"en-US","potentialAction":[{"@type":"ReadAction","target":["https:\/\/www.wheelers.es\/product\/gafas-sol-wheelers-cheste\/"]}]},{"@type":"ImageObject","inLanguage":"en-US","@id":"https:\/\/www.wheelers.es\/product\/gafas-sol-wheelers-cheste\/#primaryimage","url":"https:\/\/www.wheelers.es\/wp-content\/uploads\/2025\/04\/WHEELERS-CHESTE-C19_IA1.jpg","contentUrl":"https:\/\/www.wheelers.es\/wp-content\/uploads\/2025\/04\/WHEELERS-CHESTE-C19_IA1.jpg","width":800,"height":800,"caption":"WHEELERS CHESTE C19_IA1"},{"@type":"BreadcrumbList","@id":"https:\/\/www.wheelers.es\/product\/gafas-sol-wheelers-cheste\/#breadcrumb","itemListElement":[{"@type":"ListItem","position":1,"name":"Portada","item":"https:\/\/www.wheelers.es\/"},{"@type":"ListItem","position":2,"name":"Productos","item":"https:\/\/www.wheelers.es\/tienda\/"},{"@type":"ListItem","position":3,"name":"Cheste"}]},{"@type":"WebSite","@id":"https:\/\/www.wheelers.es\/#website","url":"https:\/\/www.wheelers.es\/","name":"Wheelers","description":"Gafas de sol para petrolheads","publisher":{"@id":"https:\/\/www.wheelers.es\/#organization"},"potentialAction":[{"@type":"SearchAction","target":{"@type":"EntryPoint","urlTemplate":"https:\/\/www.wheelers.es\/?s={search_term_string}"},"query-input":{"@type":"PropertyValueSpecification","valueRequired":true,"valueName":"search_term_string"}}],"inLanguage":"en-US"},{"@type":"Organization","@id":"https:\/\/www.wheelers.es\/#organization","name":"Wheelers","url":"https:\/\/www.wheelers.es\/","logo":{"@type":"ImageObject","inLanguage":"en-US","@id":"https:\/\/www.wheelers.es\/#\/schema\/logo\/image\/","url":"https:\/\/www.wheelers.es\/wp-content\/uploads\/2025\/02\/cropped-cropped-logo-negro.png","contentUrl":"https:\/\/www.wheelers.es\/wp-content\/uploads\/2025\/02\/cropped-cropped-logo-negro.png","width":512,"height":297,"caption":"Wheelers"},"image":{"@id":"https:\/\/www.wheelers.es\/#\/schema\/logo\/image\/"}}]}},"_links":{"self":[{"href":"https:\/\/www.wheelers.es\/en\/wp-json\/wp\/v2\/product\/3188","targetHints":{"allow":["GET"]}}],"collection":[{"href":"https:\/\/www.wheelers.es\/en\/wp-json\/wp\/v2\/product"}],"about":[{"href":"https:\/\/www.wheelers.es\/en\/wp-json\/wp\/v2\/types\/product"}],"replies":[{"embeddable":true,"href":"https:\/\/www.wheelers.es\/en\/wp-json\/wp\/v2\/comments?post=3188"}],"wp:featuredmedia":[{"embeddable":true,"href":"https:\/\/www.wheelers.es\/en\/wp-json\/wp\/v2\/media\/3513"}],"wp:attachment":[{"href":"https:\/\/www.wheelers.es\/en\/wp-json\/wp\/v2\/media?parent=3188"}],"wp:term":[{"taxonomy":"product_brand","embeddable":true,"href":"https:\/\/www.wheelers.es\/en\/wp-json\/wp\/v2\/product_brand?post=3188"},{"taxonomy":"product_cat","embeddable":true,"href":"https:\/\/www.wheelers.es\/en\/wp-json\/wp\/v2\/product_cat?post=3188"},{"taxonomy":"product_tag","embeddable":true,"href":"https:\/\/www.wheelers.es\/en\/wp-json\/wp\/v2\/product_tag?post=3188"}],"curies":[{"name":"wp","href":"https:\/\/api.w.org\/{rel}","templated":true}]}}