{"id":3349,"date":"2025-09-29T12:05:52","date_gmt":"2025-09-29T11:05:52","guid":{"rendered":"https:\/\/www.wheelers.es\/?post_type=product&#038;p=3349"},"modified":"2026-03-09T11:55:19","modified_gmt":"2026-03-09T10:55:19","slug":"camiseta-ape50","status":"publish","type":"product","link":"https:\/\/www.wheelers.es\/en\/product\/camiseta-ape50\/","title":{"rendered":"Camiseta Ape 50"},"content":{"rendered":"<p>Camiseta Wheelers \u00abMocarro\u00bb.<br \/>\nDestaca tu estilo con esta camiseta de color amarillo intenso, perfecta para quienes buscan energ\u00eda y visibilidad en ambientes urbanos y deportivos.<\/p>\n<p>El dise\u00f1o incluye el ic\u00f3nico motocarro Ape 50 negro Wheelers resaltando en el pecho, aportando un toque divertido y aut\u00e9ntico inspirado en la cultura urbana sobre ruedas. Su corte regular y tejido de algod\u00f3n ofrecen comodidad y frescura, ideal para d\u00edas soleados o para tus rutas en carretera. Lleva la esencia de Wheelers en cada paso y haz de cualquier momento una aventura.<\/p>\n<p>M\u00faltiples tallas y colores disponibles<\/p>\n<p><img decoding=\"async\" class=\"wp-image-3894\" src=\"https:\/\/www.wheelers.es\/wp-content\/uploads\/2025\/09\/GUIA-DE-TALLAS-300x51.png\" alt=\"wheelers guia de tallas\" width=\"495\" height=\"84\" srcset=\"https:\/\/www.wheelers.es\/wp-content\/uploads\/2025\/09\/GUIA-DE-TALLAS-300x51.png 300w, https:\/\/www.wheelers.es\/wp-content\/uploads\/2025\/09\/GUIA-DE-TALLAS-1536x263.png 1536w, https:\/\/www.wheelers.es\/wp-content\/uploads\/2025\/09\/GUIA-DE-TALLAS-2048x351.png 2048w, https:\/\/www.wheelers.es\/wp-content\/uploads\/2025\/09\/GUIA-DE-TALLAS-18x3.png 18w, https:\/\/www.wheelers.es\/wp-content\/uploads\/2025\/09\/GUIA-DE-TALLAS-600x103.png 600w, https:\/\/www.wheelers.es\/wp-content\/uploads\/2025\/09\/GUIA-DE-TALLAS-768x132.png 768w, https:\/\/www.wheelers.es\/wp-content\/uploads\/2025\/09\/GUIA-DE-TALLAS-1024x175.png 1024w\" sizes=\"(max-width: 495px) 100vw, 495px\" \/><\/p>","protected":false},"excerpt":{"rendered":"<p>Camiseta Wheelers \u00abMocarro\u00bb. Destaca tu estilo con esta camiseta de color amarillo intenso, perfecta para quienes buscan energ\u00eda y visibilidad [&hellip;]<\/p>\n","protected":false},"featured_media":3440,"comment_status":"open","ping_status":"closed","template":"","meta":{"site-sidebar-layout":"default","site-content-layout":"","ast-site-content-layout":"default","site-content-style":"default","site-sidebar-style":"default","ast-global-header-display":"","ast-banner-title-visibility":"","ast-main-header-display":"","ast-hfb-above-header-display":"","ast-hfb-below-header-display":"","ast-hfb-mobile-header-display":"","site-post-title":"","ast-breadcrumbs-content":"","ast-featured-img":"","footer-sml-layout":"","ast-disable-related-posts":"","theme-transparent-header-meta":"default","adv-header-id-meta":"","stick-header-meta":"","header-above-stick-meta":"","header-main-stick-meta":"","header-below-stick-meta":"","astra-migrate-meta-layouts":"set","ast-page-background-enabled":"default","ast-page-background-meta":{"desktop":{"background-color":"var(--ast-global-color-5)","background-image":"","background-repeat":"repeat","background-position":"center center","background-size":"auto","background-attachment":"scroll","background-type":"","background-media":"","overlay-type":"","overlay-color":"","overlay-opacity":"","overlay-gradient":""},"tablet":{"background-color":"","background-image":"","background-repeat":"repeat","background-position":"center center","background-size":"auto","background-attachment":"scroll","background-type":"","background-media":"","overlay-type":"","overlay-color":"","overlay-opacity":"","overlay-gradient":""},"mobile":{"background-color":"","background-image":"","background-repeat":"repeat","background-position":"center center","background-size":"auto","background-attachment":"scroll","background-type":"","background-media":"","overlay-type":"","overlay-color":"","overlay-opacity":"","overlay-gradient":""}},"ast-content-background-meta":{"desktop":{"background-color":"var(--ast-global-color-4)","background-image":"","background-repeat":"repeat","background-position":"center center","background-size":"auto","background-attachment":"scroll","background-type":"","background-media":"","overlay-type":"","overlay-color":"","overlay-opacity":"","overlay-gradient":""},"tablet":{"background-color":"var(--ast-global-color-4)","background-image":"","background-repeat":"repeat","background-position":"center center","background-size":"auto","background-attachment":"scroll","background-type":"","background-media":"","overlay-type":"","overlay-color":"","overlay-opacity":"","overlay-gradient":""},"mobile":{"background-color":"var(--ast-global-color-4)","background-image":"","background-repeat":"repeat","background-position":"center center","background-size":"auto","background-attachment":"scroll","background-type":"","background-media":"","overlay-type":"","overlay-color":"","overlay-opacity":"","overlay-gradient":""}}},"product_brand":[206],"product_cat":[205],"product_tag":[213,214,207,209,210,211,212,208,159,116],"class_list":{"0":"post-3349","1":"product","2":"type-product","3":"status-publish","4":"has-post-thumbnail","6":"product_brand-wheelers","7":"product_cat-camisetas-divertidas-wheelers","8":"product_tag-ape-50","9":"product_tag-ape50","10":"product_tag-camiseta","11":"product_tag-camiseta-algodon","12":"product_tag-camiseta-coches","13":"product_tag-camiseta-deportiva","14":"product_tag-camiseta-petrolhead","15":"product_tag-circuito-de-velocidad","16":"product_tag-madring","17":"product_tag-wheelers","18":"desktop-align-left","19":"tablet-align-left","20":"mobile-align-left","22":"first","23":"instock","24":"taxable","25":"shipping-taxable","26":"purchasable","27":"product-type-variable","28":"has-default-attributes","29":"rtwpvg-product"},"yoast_head":"<!-- This site is optimized with the Yoast SEO Premium plugin v24.4 (Yoast SEO v27.4) - https:\/\/yoast.com\/product\/yoast-seo-premium-wordpress\/ -->\n<title>camiseta de algod\u00f3n con dise\u00f1o motocarro Wheelers<\/title>\n<meta name=\"description\" content=\"Descubre la camiseta Wheelers urbana con dise\u00f1o exclusivo de motocarro. Ideal para destacar tu estilo y comodidad en cualquier ocasi\u00f3n.\" \/>\n<meta name=\"robots\" content=\"index, follow, max-snippet:-1, max-image-preview:large, max-video-preview:-1\" \/>\n<link rel=\"canonical\" href=\"https:\/\/www.wheelers.es\/en\/product\/camiseta-ape50\/\" \/>\n<meta property=\"og:locale\" content=\"en_US\" \/>\n<meta property=\"og:type\" content=\"article\" \/>\n<meta property=\"og:title\" content=\"Camiseta Ape 50\" \/>\n<meta property=\"og:description\" content=\"Descubre la camiseta Wheelers urbana con dise\u00f1o exclusivo de motocarro. Ideal para destacar tu estilo y comodidad en cualquier ocasi\u00f3n.\" \/>\n<meta property=\"og:url\" content=\"https:\/\/www.wheelers.es\/en\/product\/camiseta-ape50\/\" \/>\n<meta property=\"og:site_name\" content=\"Wheelers\" \/>\n<meta property=\"article:modified_time\" content=\"2026-03-09T10:55:19+00:00\" \/>\n<meta property=\"og:image\" content=\"https:\/\/www.wheelers.es\/wp-content\/uploads\/2025\/09\/image-7.png\" \/>\n\t<meta property=\"og:image:width\" content=\"1024\" \/>\n\t<meta property=\"og:image:height\" content=\"1024\" \/>\n\t<meta property=\"og:image:type\" content=\"image\/png\" \/>\n<meta name=\"twitter:card\" content=\"summary_large_image\" \/>\n<meta name=\"twitter:label1\" content=\"Est. reading time\" \/>\n\t<meta name=\"twitter:data1\" content=\"1 minute\" \/>\n<script type=\"application\/ld+json\" class=\"yoast-schema-graph\">{\"@context\":\"https:\\\/\\\/schema.org\",\"@graph\":[{\"@type\":\"WebPage\",\"@id\":\"https:\\\/\\\/www.wheelers.es\\\/product\\\/camiseta-ape50\\\/\",\"url\":\"https:\\\/\\\/www.wheelers.es\\\/product\\\/camiseta-ape50\\\/\",\"name\":\"camiseta de algod\u00f3n con dise\u00f1o motocarro Wheelers\",\"isPartOf\":{\"@id\":\"https:\\\/\\\/www.wheelers.es\\\/#website\"},\"primaryImageOfPage\":{\"@id\":\"https:\\\/\\\/www.wheelers.es\\\/product\\\/camiseta-ape50\\\/#primaryimage\"},\"image\":{\"@id\":\"https:\\\/\\\/www.wheelers.es\\\/product\\\/camiseta-ape50\\\/#primaryimage\"},\"thumbnailUrl\":\"https:\\\/\\\/www.wheelers.es\\\/wp-content\\\/uploads\\\/2025\\\/09\\\/image-7.png\",\"datePublished\":\"2025-09-29T11:05:52+00:00\",\"dateModified\":\"2026-03-09T10:55:19+00:00\",\"description\":\"Descubre la camiseta Wheelers urbana con dise\u00f1o exclusivo de motocarro. Ideal para destacar tu estilo y comodidad en cualquier ocasi\u00f3n.\",\"breadcrumb\":{\"@id\":\"https:\\\/\\\/www.wheelers.es\\\/product\\\/camiseta-ape50\\\/#breadcrumb\"},\"inLanguage\":\"en-US\",\"potentialAction\":[{\"@type\":\"ReadAction\",\"target\":[\"https:\\\/\\\/www.wheelers.es\\\/product\\\/camiseta-ape50\\\/\"]}]},{\"@type\":\"ImageObject\",\"inLanguage\":\"en-US\",\"@id\":\"https:\\\/\\\/www.wheelers.es\\\/product\\\/camiseta-ape50\\\/#primaryimage\",\"url\":\"https:\\\/\\\/www.wheelers.es\\\/wp-content\\\/uploads\\\/2025\\\/09\\\/image-7.png\",\"contentUrl\":\"https:\\\/\\\/www.wheelers.es\\\/wp-content\\\/uploads\\\/2025\\\/09\\\/image-7.png\",\"width\":1024,\"height\":1024,\"caption\":\"camiseta mocarro wheelers\"},{\"@type\":\"BreadcrumbList\",\"@id\":\"https:\\\/\\\/www.wheelers.es\\\/product\\\/camiseta-ape50\\\/#breadcrumb\",\"itemListElement\":[{\"@type\":\"ListItem\",\"position\":1,\"name\":\"Portada\",\"item\":\"https:\\\/\\\/www.wheelers.es\\\/\"},{\"@type\":\"ListItem\",\"position\":2,\"name\":\"Productos\",\"item\":\"https:\\\/\\\/www.wheelers.es\\\/tienda\\\/\"},{\"@type\":\"ListItem\",\"position\":3,\"name\":\"Camiseta Ape 50\"}]},{\"@type\":\"WebSite\",\"@id\":\"https:\\\/\\\/www.wheelers.es\\\/#website\",\"url\":\"https:\\\/\\\/www.wheelers.es\\\/\",\"name\":\"Wheelers\",\"description\":\"Gafas de sol para petrolheads\",\"publisher\":{\"@id\":\"https:\\\/\\\/www.wheelers.es\\\/#organization\"},\"potentialAction\":[{\"@type\":\"SearchAction\",\"target\":{\"@type\":\"EntryPoint\",\"urlTemplate\":\"https:\\\/\\\/www.wheelers.es\\\/?s={search_term_string}\"},\"query-input\":{\"@type\":\"PropertyValueSpecification\",\"valueRequired\":true,\"valueName\":\"search_term_string\"}}],\"inLanguage\":\"en-US\"},{\"@type\":\"Organization\",\"@id\":\"https:\\\/\\\/www.wheelers.es\\\/#organization\",\"name\":\"Wheelers\",\"url\":\"https:\\\/\\\/www.wheelers.es\\\/\",\"logo\":{\"@type\":\"ImageObject\",\"inLanguage\":\"en-US\",\"@id\":\"https:\\\/\\\/www.wheelers.es\\\/#\\\/schema\\\/logo\\\/image\\\/\",\"url\":\"https:\\\/\\\/www.wheelers.es\\\/wp-content\\\/uploads\\\/2025\\\/02\\\/cropped-cropped-logo-negro.png\",\"contentUrl\":\"https:\\\/\\\/www.wheelers.es\\\/wp-content\\\/uploads\\\/2025\\\/02\\\/cropped-cropped-logo-negro.png\",\"width\":512,\"height\":297,\"caption\":\"Wheelers\"},\"image\":{\"@id\":\"https:\\\/\\\/www.wheelers.es\\\/#\\\/schema\\\/logo\\\/image\\\/\"}}]}<\/script>\n<!-- \/ Yoast SEO Premium plugin. -->","yoast_head_json":{"title":"camiseta de algod\u00f3n con dise\u00f1o motocarro Wheelers","description":"Descubre la camiseta Wheelers urbana con dise\u00f1o exclusivo de motocarro. Ideal para destacar tu estilo y comodidad en cualquier ocasi\u00f3n.","robots":{"index":"index","follow":"follow","max-snippet":"max-snippet:-1","max-image-preview":"max-image-preview:large","max-video-preview":"max-video-preview:-1"},"canonical":"https:\/\/www.wheelers.es\/en\/product\/camiseta-ape50\/","og_locale":"en_US","og_type":"article","og_title":"Camiseta Ape 50","og_description":"Descubre la camiseta Wheelers urbana con dise\u00f1o exclusivo de motocarro. Ideal para destacar tu estilo y comodidad en cualquier ocasi\u00f3n.","og_url":"https:\/\/www.wheelers.es\/en\/product\/camiseta-ape50\/","og_site_name":"Wheelers","article_modified_time":"2026-03-09T10:55:19+00:00","og_image":[{"width":1024,"height":1024,"url":"https:\/\/www.wheelers.es\/wp-content\/uploads\/2025\/09\/image-7.png","type":"image\/png"}],"twitter_card":"summary_large_image","twitter_misc":{"Est. reading time":"1 minute"},"schema":{"@context":"https:\/\/schema.org","@graph":[{"@type":"WebPage","@id":"https:\/\/www.wheelers.es\/product\/camiseta-ape50\/","url":"https:\/\/www.wheelers.es\/product\/camiseta-ape50\/","name":"camiseta de algod\u00f3n con dise\u00f1o motocarro Wheelers","isPartOf":{"@id":"https:\/\/www.wheelers.es\/#website"},"primaryImageOfPage":{"@id":"https:\/\/www.wheelers.es\/product\/camiseta-ape50\/#primaryimage"},"image":{"@id":"https:\/\/www.wheelers.es\/product\/camiseta-ape50\/#primaryimage"},"thumbnailUrl":"https:\/\/www.wheelers.es\/wp-content\/uploads\/2025\/09\/image-7.png","datePublished":"2025-09-29T11:05:52+00:00","dateModified":"2026-03-09T10:55:19+00:00","description":"Descubre la camiseta Wheelers urbana con dise\u00f1o exclusivo de motocarro. Ideal para destacar tu estilo y comodidad en cualquier ocasi\u00f3n.","breadcrumb":{"@id":"https:\/\/www.wheelers.es\/product\/camiseta-ape50\/#breadcrumb"},"inLanguage":"en-US","potentialAction":[{"@type":"ReadAction","target":["https:\/\/www.wheelers.es\/product\/camiseta-ape50\/"]}]},{"@type":"ImageObject","inLanguage":"en-US","@id":"https:\/\/www.wheelers.es\/product\/camiseta-ape50\/#primaryimage","url":"https:\/\/www.wheelers.es\/wp-content\/uploads\/2025\/09\/image-7.png","contentUrl":"https:\/\/www.wheelers.es\/wp-content\/uploads\/2025\/09\/image-7.png","width":1024,"height":1024,"caption":"camiseta mocarro wheelers"},{"@type":"BreadcrumbList","@id":"https:\/\/www.wheelers.es\/product\/camiseta-ape50\/#breadcrumb","itemListElement":[{"@type":"ListItem","position":1,"name":"Portada","item":"https:\/\/www.wheelers.es\/"},{"@type":"ListItem","position":2,"name":"Productos","item":"https:\/\/www.wheelers.es\/tienda\/"},{"@type":"ListItem","position":3,"name":"Camiseta Ape 50"}]},{"@type":"WebSite","@id":"https:\/\/www.wheelers.es\/#website","url":"https:\/\/www.wheelers.es\/","name":"Wheelers","description":"Gafas de sol para petrolheads","publisher":{"@id":"https:\/\/www.wheelers.es\/#organization"},"potentialAction":[{"@type":"SearchAction","target":{"@type":"EntryPoint","urlTemplate":"https:\/\/www.wheelers.es\/?s={search_term_string}"},"query-input":{"@type":"PropertyValueSpecification","valueRequired":true,"valueName":"search_term_string"}}],"inLanguage":"en-US"},{"@type":"Organization","@id":"https:\/\/www.wheelers.es\/#organization","name":"Wheelers","url":"https:\/\/www.wheelers.es\/","logo":{"@type":"ImageObject","inLanguage":"en-US","@id":"https:\/\/www.wheelers.es\/#\/schema\/logo\/image\/","url":"https:\/\/www.wheelers.es\/wp-content\/uploads\/2025\/02\/cropped-cropped-logo-negro.png","contentUrl":"https:\/\/www.wheelers.es\/wp-content\/uploads\/2025\/02\/cropped-cropped-logo-negro.png","width":512,"height":297,"caption":"Wheelers"},"image":{"@id":"https:\/\/www.wheelers.es\/#\/schema\/logo\/image\/"}}]}},"_links":{"self":[{"href":"https:\/\/www.wheelers.es\/en\/wp-json\/wp\/v2\/product\/3349","targetHints":{"allow":["GET"]}}],"collection":[{"href":"https:\/\/www.wheelers.es\/en\/wp-json\/wp\/v2\/product"}],"about":[{"href":"https:\/\/www.wheelers.es\/en\/wp-json\/wp\/v2\/types\/product"}],"replies":[{"embeddable":true,"href":"https:\/\/www.wheelers.es\/en\/wp-json\/wp\/v2\/comments?post=3349"}],"wp:featuredmedia":[{"embeddable":true,"href":"https:\/\/www.wheelers.es\/en\/wp-json\/wp\/v2\/media\/3440"}],"wp:attachment":[{"href":"https:\/\/www.wheelers.es\/en\/wp-json\/wp\/v2\/media?parent=3349"}],"wp:term":[{"taxonomy":"product_brand","embeddable":true,"href":"https:\/\/www.wheelers.es\/en\/wp-json\/wp\/v2\/product_brand?post=3349"},{"taxonomy":"product_cat","embeddable":true,"href":"https:\/\/www.wheelers.es\/en\/wp-json\/wp\/v2\/product_cat?post=3349"},{"taxonomy":"product_tag","embeddable":true,"href":"https:\/\/www.wheelers.es\/en\/wp-json\/wp\/v2\/product_tag?post=3349"}],"curies":[{"name":"wp","href":"https:\/\/api.w.org\/{rel}","templated":true}]}}